{"id":46796,"date":"2025-10-03T16:23:25","date_gmt":"2025-10-03T14:23:25","guid":{"rendered":"https:\/\/www.campinglagrisse.com\/?page_id=46796"},"modified":"2025-11-04T16:34:22","modified_gmt":"2025-11-04T15:34:22","slug":"campsite-vendee-residentiels","status":"publish","type":"page","link":"https:\/\/www.campinglagrisse.com\/en\/camping-vendee-residentiels\/","title":{"rendered":"Becoming an owner"},"content":{"rendered":"<div class=\"wp-block-stackable-heading stk-block-heading stk-block-heading--v2 stk-block stk-7bae0b8\" id=\"appreciez-le-calme-et-l-espace-de-la-grisse-pour-votre-residence\" data-block-id=\"7bae0b8\"><h2 class=\"stk-block-heading__text has-text-align-center\">Enjoy the calm and space of La Grisse for your residence ...<\/h2><\/div>\n\n\n\n<div class=\"wp-block-stackable-columns stk-block-columns stk-block stk-465cb23\" data-block-id=\"465cb23\"><style>.stk-465cb23 .stk--block-align-465cb23{align-items:center !important;}.stk-465cb23 {margin-bottom:30px !important;}<\/style><div class=\"stk-row stk-inner-blocks stk--block-align-465cb23 stk-block-content stk-content-align stk-465cb23-column\">\n<div class=\"wp-block-stackable-column stk-block-column stk-column stk-block stk-b3c255c\" data-v=\"4\" data-block-id=\"b3c255c\"><div class=\"stk-column-wrapper stk-block-column__content stk-container stk-b3c255c-container stk--no-background stk--no-padding\"><div class=\"stk-block-content stk-inner-blocks stk-b3c255c-inner-blocks\">\n<div class=\"wp-block-stackable-image stk-block-image stk-block stk-a8f67a2\" data-block-id=\"a8f67a2\"><style>.stk-a8f67a2 .stk-img-wrapper{width:100% !important;height:766px !important;}.stk-a8f67a2 .stk-img-wrapper img{object-position:68% 60% !important;}@media screen and (max-width: 767px){.stk-a8f67a2 .stk-img-wrapper{width:100% !important;height:150px !important;}}<\/style><figure><span class=\"stk-img-wrapper stk-image--shape-stretch\"><img loading=\"lazy\" decoding=\"async\" class=\"stk-img wp-image-46819\" src=\"https:\/\/www.campinglagrisse.com\/wp-content\/uploads\/2025\/10\/detail-mh-ohara.jpg\" width=\"900\" height=\"400\" alt=\"becoming a campsite owner in the Vend\u00e9e\" srcset=\"https:\/\/www.campinglagrisse.com\/wp-content\/uploads\/2025\/10\/detail-mh-ohara.jpg 900w, https:\/\/www.campinglagrisse.com\/wp-content\/uploads\/2025\/10\/detail-mh-ohara-300x133.jpg 300w, https:\/\/www.campinglagrisse.com\/wp-content\/uploads\/2025\/10\/detail-mh-ohara-768x341.jpg 768w, https:\/\/www.campinglagrisse.com\/wp-content\/uploads\/2025\/10\/detail-mh-ohara-500x222.jpg 500w, https:\/\/www.campinglagrisse.com\/wp-content\/uploads\/2025\/10\/detail-mh-ohara-800x356.jpg 800w\" sizes=\"auto, (max-width: 900px) 100vw, 900px\" \/><\/span><\/figure><\/div>\n<\/div><\/div><\/div>\n\n\n\n<div class=\"wp-block-stackable-column stk-block-column stk-column stk-block stk-9cb1631\" data-v=\"4\" data-block-id=\"9cb1631\"><div class=\"stk-column-wrapper stk-block-column__content stk-container stk-9cb1631-container stk--no-background stk--no-padding\"><div class=\"stk-block-content stk-inner-blocks stk-9cb1631-inner-blocks\">\n<div class=\"wp-block-stackable-heading stk-block-heading stk-block-heading--v2 stk-block stk-bd19ddf\" id=\"devenez-proprietaire-de-votre-residence-disponible-toute-lannee\" data-block-id=\"bd19ddf\"><h3 class=\"stk-block-heading__text\">Become the owner of your own home, available all year round...<\/h3><\/div>\n\n\n\n<div class=\"wp-block-stackable-text stk-block-text stk-block stk-cff6889\" data-block-id=\"cff6889\"><p class=\"stk-block-text__text\"><strong>OPEN ALL YEAR ROUND<\/strong> (from 01 January to 31 December), 10 minutes from the most beautiful beaches, you'll enjoy your beautiful holiday space in the calm and serenity of the varied landscapes of our pretty southern Vend\u00e9e Atlantique ...<\/p><\/div>\n\n\n\n<div class=\"wp-block-stackable-text stk-block-text stk-block stk-9662ce8\" data-block-id=\"9662ce8\"><p class=\"stk-block-text__text translation-block\">All you have to do is choose your plot and have the Mobile Home or Chalet \u00abGrand Confort\u00bb of your choice installed on it ... Didier will help you find <strong>the best formula<\/strong> adapted to your desires while respecting your dreams and your budget ...<br>Camping la Grisse offers new factory direct prices or unbeatable second-hand prices for all budgets ... Approved partners also offer their services to help you find new or second-hand accommodation for a more hesitant outside clientele ...<br>For people with recent accommodation on another campsite wishing to move to our lovely campsite, la Grisse will take full charge of your mobile home + any annexes when you leave the outgoing campsite, and then reinstall it completely on the plot you have chosen at Camping la Grisse ...<\/p><\/div>\n\n\n\n<div class=\"wp-block-stackable-text stk-block-text stk-block stk-ef19484\" data-block-id=\"ef19484\"><p class=\"stk-block-text__text translation-block\">Finally, every year there are some <strong>very good deals<\/strong> on pitches already installed at Camping la Grisse, for recent super-equipped facilities ...<\/p><\/div>\n\n\n\n<div class=\"wp-block-stackable-text stk-block-text stk-block stk-0485bed\" data-block-id=\"0485bed\"><p class=\"stk-block-text__text translation-block\">Don't hesitate to get in touch: <a href=\"mailto:lagrisse@wanadoo.fr\" target=\"_self\">lagrisse@wanadoo.fr<\/a><br>contact : Didier Martineau : Tel : <a href=\"tel:0664154332\" target=\"_self\">06.64.15.43.32<\/a><\/p><\/div>\n\n\n\n<div class=\"wp-block-stackable-text stk-block-text stk-block stk-d2b88cf\" data-block-id=\"d2b88cf\"><p class=\"stk-block-text__text\"><a href=\"https:\/\/www.campinglagrisse.com\/en\/camping-vendee-residentials-sales\/\" data-type=\"page\" data-id=\"46874\">The bargain corner<\/a><\/p><\/div>\n<\/div><\/div><\/div>\n<\/div><\/div>\n\n\n\n<div class=\"wp-block-stackable-columns alignfull stk-block-columns stk-block stk-9ce847e stk-block-background\" data-block-id=\"9ce847e\"><style>.stk-9ce847e .stk--block-align-9ce847e{align-items:center !important;}.stk-9ce847e {background-color:#389aa140 !important;padding-top:60px !important;padding-bottom:60px !important;margin-bottom:30px !important;}.stk-9ce847e:before{background-color:#389aa140 !important;}<\/style><div class=\"stk-row stk-inner-blocks stk--block-align-9ce847e stk-block-content stk-content-align stk-9ce847e-column alignwide\">\n<div class=\"wp-block-stackable-column stk-block-column stk-column stk-block stk-3088744\" data-v=\"4\" data-block-id=\"3088744\"><div class=\"stk-column-wrapper stk-block-column__content stk-container stk-3088744-container stk--no-background stk--no-padding\"><div class=\"has-text-align-right stk-block-content stk-inner-blocks stk-3088744-inner-blocks\">\n<div class=\"wp-block-stackable-heading stk-block-heading stk-block-heading--v2 stk-block stk-555a4fe\" id=\"toujours-dun-commun-accord\" data-block-id=\"555a4fe\"><h3 class=\"stk-block-heading__text has-text-align-right\">Always by mutual agreement ...<\/h3><\/div>\n\n\n\n<div class=\"wp-block-stackable-text stk-block-text stk-block stk-bc33c9a\" data-block-id=\"bc33c9a\"><p class=\"stk-block-text__text translation-block\">Once you have made your choice, Camping la Grisse will take care of the layout of your plot according to your wishes and the installation of the facilities by an approved professional ...<br>Each plot is of course connected in accordance with electrical, drinking water and waste water drainage standards, + pre-connection for the Garden Shed ... The chosen area is systematically stabilised and sanded, so that you can enjoy a clean and accessible plot all year round ...<br>After discussion and prior agreement, any type of additional development is possible and even strongly encouraged to finish the facilities and decorate the plot (excluding concrete and non-dismantlable elements) ...<br>For those who wish, services for maintenance and additional developments are offered by Camping la Grisse, to maintain the best level of quality equipment and the most attractive visual possible on the pitch ...<\/p><\/div>\n\n\n\n<div class=\"wp-block-stackable-text stk-block-text stk-block stk-ea42278\" data-block-id=\"ea42278\"><p class=\"stk-block-text__text translation-block\">At La Grisse, you're as free as a bird! ...<br><strong>Buy and sell whenever you like<\/strong>, with complete peace of mind ...<\/p><\/div>\n\n\n\n<div class=\"wp-block-stackable-text stk-block-text stk-block stk-cc38d17\" data-block-id=\"cc38d17\"><p class=\"stk-block-text__text\">If you've made a mistake, got tired or simply had to leave us, no problem! ... As with their purchase, if you wish, Camping la Grisse will take care of the resale of your facilities on site, guaranteed at the best price in a \u00abwin-win\u00bb sales mandate system where everyone benefits! ...<\/p><\/div>\n<\/div><\/div><\/div>\n\n\n\n<div class=\"wp-block-stackable-column stk-block-column stk-column stk-block stk-ff435f2\" data-v=\"4\" data-block-id=\"ff435f2\"><div class=\"stk-column-wrapper stk-block-column__content stk-container stk-ff435f2-container stk--no-background stk--no-padding\"><div class=\"stk-block-content stk-inner-blocks stk-ff435f2-inner-blocks\">\n<div class=\"wp-block-stackable-image stk-block-image stk-block stk-f8d3003 stk-entrance\" data-block-id=\"f8d3003\"><style>.stk-f8d3003 {--entrance-transform:translateX(123px) !important;--entrance-duration:2s !important;}.stk-f8d3003 .stk-img-wrapper{width:100% !important;height:707px !important;}@media screen and (max-width: 767px){.stk-f8d3003 .stk-img-wrapper{width:100% !important;height:150px !important;}}<\/style><figure><span class=\"stk-img-wrapper stk-image--shape-stretch\"><img loading=\"lazy\" decoding=\"async\" class=\"stk-img wp-image-46820\" src=\"https:\/\/www.campinglagrisse.com\/wp-content\/uploads\/2025\/10\/mh-proprietaire.jpg\" width=\"900\" height=\"400\" alt=\"becoming a campsite owner in the Vend\u00e9e\" srcset=\"https:\/\/www.campinglagrisse.com\/wp-content\/uploads\/2025\/10\/mh-proprietaire.jpg 900w, https:\/\/www.campinglagrisse.com\/wp-content\/uploads\/2025\/10\/mh-proprietaire-300x133.jpg 300w, https:\/\/www.campinglagrisse.com\/wp-content\/uploads\/2025\/10\/mh-proprietaire-768x341.jpg 768w, https:\/\/www.campinglagrisse.com\/wp-content\/uploads\/2025\/10\/mh-proprietaire-500x222.jpg 500w, https:\/\/www.campinglagrisse.com\/wp-content\/uploads\/2025\/10\/mh-proprietaire-800x356.jpg 800w\" sizes=\"auto, (max-width: 900px) 100vw, 900px\" \/><\/span><\/figure><\/div>\n<\/div><\/div><\/div>\n<\/div><\/div>\n\n\n\n<div class=\"wp-block-stackable-columns stk-block-columns stk-block stk-3b9fc08\" data-block-id=\"3b9fc08\"><style>.stk-3b9fc08 .stk--block-align-3b9fc08{align-items:center !important;}.stk-3b9fc08 {margin-bottom:30px !important;}<\/style><div class=\"stk-row stk-inner-blocks stk--block-align-3b9fc08 stk-block-content stk-content-align stk-3b9fc08-column\">\n<div class=\"wp-block-stackable-column stk-block-column stk-column stk-block stk-7a4ca40\" data-v=\"4\" data-block-id=\"7a4ca40\"><div class=\"stk-column-wrapper stk-block-column__content stk-container stk-7a4ca40-container stk--no-background stk--no-padding\"><div class=\"stk-block-content stk-inner-blocks stk-7a4ca40-inner-blocks\">\n<div class=\"wp-block-stackable-image stk-block-image stk-block stk-4324a82\" data-block-id=\"4324a82\"><style>.stk-4324a82 .stk-img-wrapper{width:100% !important;height:648px !important;}@media screen and (max-width: 767px){.stk-4324a82 .stk-img-wrapper{width:100% !important;height:150px !important;}}<\/style><figure><span class=\"stk-img-wrapper stk-image--shape-stretch\"><img loading=\"lazy\" decoding=\"async\" class=\"stk-img wp-image-46821\" src=\"https:\/\/www.campinglagrisse.com\/wp-content\/uploads\/2025\/10\/1-P1100204-scaled.jpg\" width=\"2560\" height=\"1920\" alt=\"becoming a campsite owner in the Vend\u00e9e\" srcset=\"https:\/\/www.campinglagrisse.com\/wp-content\/uploads\/2025\/10\/1-P1100204-scaled.jpg 2560w, https:\/\/www.campinglagrisse.com\/wp-content\/uploads\/2025\/10\/1-P1100204-300x225.jpg 300w, https:\/\/www.campinglagrisse.com\/wp-content\/uploads\/2025\/10\/1-P1100204-1024x768.jpg 1024w, https:\/\/www.campinglagrisse.com\/wp-content\/uploads\/2025\/10\/1-P1100204-768x576.jpg 768w, https:\/\/www.campinglagrisse.com\/wp-content\/uploads\/2025\/10\/1-P1100204-1536x1152.jpg 1536w, https:\/\/www.campinglagrisse.com\/wp-content\/uploads\/2025\/10\/1-P1100204-2048x1536.jpg 2048w, https:\/\/www.campinglagrisse.com\/wp-content\/uploads\/2025\/10\/1-P1100204-500x375.jpg 500w, https:\/\/www.campinglagrisse.com\/wp-content\/uploads\/2025\/10\/1-P1100204-800x600.jpg 800w, https:\/\/www.campinglagrisse.com\/wp-content\/uploads\/2025\/10\/1-P1100204-1280x960.jpg 1280w, https:\/\/www.campinglagrisse.com\/wp-content\/uploads\/2025\/10\/1-P1100204-1920x1440.jpg 1920w\" sizes=\"auto, (max-width: 2560px) 100vw, 2560px\" \/><\/span><\/figure><\/div>\n<\/div><\/div><\/div>\n\n\n\n<div class=\"wp-block-stackable-column stk-block-column stk-column stk-block stk-9868170\" data-v=\"4\" data-block-id=\"9868170\"><div class=\"stk-column-wrapper stk-block-column__content stk-container stk-9868170-container stk--no-background stk--no-padding\"><div class=\"stk-block-content stk-inner-blocks stk-9868170-inner-blocks\">\n<div class=\"wp-block-stackable-text stk-block-text stk-block stk-c95f526\" id=\"combien-ca-coute-br-les-emplacements-se-louent-annuellement-a-partir-de-2500-\u20ac-ttc-valable-12-mois-au-mois-dentree-date-anniversaire-et-reconductible-tacitement-chaque-annee-par-exemple-d-avril-a-avril-ou-de-septembre-a-septembre-etc\" data-block-id=\"c95f526\"><p class=\"stk-block-text__text translation-block\"><strong>How much does it cost ...<br><\/strong>Pitches are rented annually from \u20ac2,500 inclusive of tax, valid for 12 months from the month of entry, anniversary date, and tacitly renewable each year (for example: from April to April or from September to September, etc ... ).<\/p><\/div>\n\n\n\n<div class=\"wp-block-stackable-text stk-block-text stk-block stk-11812c2\" data-block-id=\"11812c2\"><p class=\"stk-block-text__text\">Super Offer: 1st year free, accompanied by a rental contract guaranteed for 12 years (6 x 2 years) for a new purchase of accommodation with the campsite (or with an approved partner) ... Find out more ...<\/p><\/div>\n\n\n\n<div class=\"wp-block-stackable-text stk-block-text stk-block stk-584e199\" data-block-id=\"584e199\"><p class=\"stk-block-text__text\">Water and electricity consumption is read twice a year (Winter on 01 April, Summer on 01 November) on an individual meter at the local rate. You only pay for what you use, just like at home... Otherwise, there is no local tax, only the \"Taxe de S\u00e9jour\" for an annual fee of \u20ac55.20, and a household waste contribution of \u20ac120! ...<\/p><\/div>\n\n\n\n<p>For those who wish to do so, sub-letting is free of charge... The campsite will not ask you to do anything other than register the sub-tenants at Reception. However, the owner of the facilities remains responsible in all cases for the actions of his or her sub-tenants ...<\/p>\n\n\n\n<p>Visitors are free (if they make themselves known), so take advantage of the opportunity to show your family and friends around the campsite ...<\/p>\n<\/div><\/div><\/div>\n<\/div><\/div>\n\n\n\n<div class=\"wp-block-stackable-columns alignfull stk-block-columns stk-block stk-09aeeb8 stk-block-background\" data-block-id=\"09aeeb8\"><style>.stk-09aeeb8 .stk--block-align-09aeeb8{align-items:center !important;}.stk-09aeeb8 {background-color:#389aa140 !important;padding-top:60px !important;padding-bottom:60px !important;margin-bottom:30px !important;}.stk-09aeeb8:before{background-color:#389aa140 !important;}<\/style><div class=\"stk-row stk-inner-blocks stk--block-align-09aeeb8 stk-block-content stk-content-align stk-09aeeb8-column alignwide\">\n<div class=\"wp-block-stackable-column stk-block-column stk-column stk-block stk-297c59a\" data-v=\"4\" data-block-id=\"297c59a\"><div class=\"stk-column-wrapper stk-block-column__content stk-container stk-297c59a-container stk--no-background stk--no-padding\"><div class=\"has-text-align-right stk-block-content stk-inner-blocks stk-297c59a-inner-blocks\">\n<p class=\"translation-block\"><strong>Partners ...<br><\/strong>Camping la Grisse is a factory direct partner with IRM, Rideau, O'Hara, Louisiane, Nautilhome , Rapidhome, Cist\u00e9bois as well as other English models, through partners ... Existing installations from outside can be accepted, subject to age and prior quality control ...<\/p>\n\n\n\n<p>Do you dream of a made-to-measure project? ... No problem! ... At La Grisse, we'll make sure you get the best possible ...<\/p>\n\n\n\n<p>For the annexes, Camping la Grisse has chosen to work directly with the Terrasses du Lys factory and the Dacri garden shelters.<\/p>\n\n\n\n<p>Alternatively, if you're not sure what to do, we have authorised reseller partners who will be able to satisfy you to the full...<\/p>\n<\/div><\/div><\/div>\n\n\n\n<div class=\"wp-block-stackable-column stk-block-column stk-column stk-block stk-57c8b66\" data-v=\"4\" data-block-id=\"57c8b66\"><div class=\"stk-column-wrapper stk-block-column__content stk-container stk-57c8b66-container stk--no-background stk--no-padding\"><div class=\"stk-block-content stk-inner-blocks stk-57c8b66-inner-blocks\">\n<div class=\"wp-block-stackable-image stk-block-image stk-block stk-2fbbb05 stk-entrance\" data-block-id=\"2fbbb05\"><style>.stk-2fbbb05 {--entrance-transform:translateX(123px) !important;--entrance-duration:2s !important;}.stk-2fbbb05 .stk-img-wrapper{width:100% !important;height:435px !important;}@media screen and (max-width: 767px){.stk-2fbbb05 .stk-img-wrapper{width:100% !important;height:200px !important;}}<\/style><figure><span class=\"stk-img-wrapper stk-image--shape-stretch\"><img loading=\"lazy\" decoding=\"async\" class=\"stk-img wp-image-46820\" src=\"https:\/\/www.campinglagrisse.com\/wp-content\/uploads\/2025\/10\/mh-proprietaire.jpg\" width=\"900\" height=\"400\" alt=\"becoming a campsite owner in the Vend\u00e9e\" srcset=\"https:\/\/www.campinglagrisse.com\/wp-content\/uploads\/2025\/10\/mh-proprietaire.jpg 900w, https:\/\/www.campinglagrisse.com\/wp-content\/uploads\/2025\/10\/mh-proprietaire-300x133.jpg 300w, https:\/\/www.campinglagrisse.com\/wp-content\/uploads\/2025\/10\/mh-proprietaire-768x341.jpg 768w, https:\/\/www.campinglagrisse.com\/wp-content\/uploads\/2025\/10\/mh-proprietaire-500x222.jpg 500w, https:\/\/www.campinglagrisse.com\/wp-content\/uploads\/2025\/10\/mh-proprietaire-800x356.jpg 800w\" sizes=\"auto, (max-width: 900px) 100vw, 900px\" \/><\/span><\/figure><\/div>\n<\/div><\/div><\/div>\n<\/div><\/div>","protected":false},"excerpt":{"rendered":"<p>Appr\u00e9ciez le Calme et l\u2019Espace de la Grisse pour votre R\u00e9sidence \u2026 Devenez Propri\u00e9taire de votre R\u00e9sidence, disponible toute l\u2019ann\u00e9e\u2026 OUVERT TOUTE L\u2019ANNEE ( du 01 Janvier au 31 D\u00e9cembre ), \u00e0 10 mn des plus belles Plages, vous profiterez \u00e0 la Grisse de votre bel espace de vacances dans le Calme et la S\u00e9r\u00e9nit\u00e9 [&hellip;]<\/p>\n","protected":false},"author":1,"featured_media":46945,"parent":0,"menu_order":0,"comment_status":"closed","ping_status":"closed","template":"","meta":{"_acf_changed":false,"_seopress_robots_primary_cat":"","_seopress_titles_title":"Parcelle \u00e0 vendre camping ouvert toute l'ann\u00e9e Vend\u00e9e","_seopress_titles_desc":"Le camping la Grisse proche de la mer ouvert toute l'ann\u00e9e vous propose de devenir propri\u00e9taire et d'acheter votre parcelle en Vend\u00e9e au calme avec confort.","_seopress_robots_index":"","_vp_format_video_url":"","_vp_image_focal_point":[],"footnotes":""},"class_list":["post-46796","page","type-page","status-publish","has-post-thumbnail","hentry"],"acf":[],"_links":{"self":[{"href":"https:\/\/www.campinglagrisse.com\/en\/wp-json\/wp\/v2\/pages\/46796","targetHints":{"allow":["GET"]}}],"collection":[{"href":"https:\/\/www.campinglagrisse.com\/en\/wp-json\/wp\/v2\/pages"}],"about":[{"href":"https:\/\/www.campinglagrisse.com\/en\/wp-json\/wp\/v2\/types\/page"}],"author":[{"embeddable":true,"href":"https:\/\/www.campinglagrisse.com\/en\/wp-json\/wp\/v2\/users\/1"}],"replies":[{"embeddable":true,"href":"https:\/\/www.campinglagrisse.com\/en\/wp-json\/wp\/v2\/comments?post=46796"}],"version-history":[{"count":9,"href":"https:\/\/www.campinglagrisse.com\/en\/wp-json\/wp\/v2\/pages\/46796\/revisions"}],"predecessor-version":[{"id":47942,"href":"https:\/\/www.campinglagrisse.com\/en\/wp-json\/wp\/v2\/pages\/46796\/revisions\/47942"}],"wp:featuredmedia":[{"embeddable":true,"href":"https:\/\/www.campinglagrisse.com\/en\/wp-json\/wp\/v2\/media\/46945"}],"wp:attachment":[{"href":"https:\/\/www.campinglagrisse.com\/en\/wp-json\/wp\/v2\/media?parent=46796"}],"curies":[{"name":"wp","href":"https:\/\/api.w.org\/{rel}","templated":true}]}}