{"id":46855,"date":"2025-10-07T15:32:47","date_gmt":"2025-10-07T13:32:47","guid":{"rendered":"https:\/\/www.campinglagrisse.com\/?page_id=46855"},"modified":"2025-11-04T16:32:52","modified_gmt":"2025-11-04T15:32:52","slug":"camping-vendee","status":"publish","type":"page","link":"https:\/\/www.campinglagrisse.com\/en\/camping-vendee\/","title":{"rendered":"The campsite and its activities"},"content":{"rendered":"<div class=\"wp-block-stackable-heading stk-block-heading stk-block-heading--v2 stk-block stk-722bfbb\" id=\"la-convivialite-avant-tout\" data-block-id=\"722bfbb\"><h2 class=\"stk-block-heading__text has-text-align-center\">Conviviality first and foremost ...<\/h2><\/div>\n\n\n\n<div class=\"wp-block-stackable-columns stk-block-columns stk-block stk-465cb23\" data-block-id=\"465cb23\"><style>.stk-465cb23 .stk--block-align-465cb23{align-items:center !important;}.stk-465cb23 {margin-bottom:30px !important;}<\/style><div class=\"stk-row stk-inner-blocks stk--block-align-465cb23 stk-block-content stk-content-align stk-465cb23-column\">\n<div class=\"wp-block-stackable-column stk-block-column stk-column stk-block stk-b3c255c\" data-v=\"4\" data-block-id=\"b3c255c\"><div class=\"stk-column-wrapper stk-block-column__content stk-container stk-b3c255c-container stk--no-background stk--no-padding\"><div class=\"stk-block-content stk-inner-blocks stk-b3c255c-inner-blocks\">\n<div class=\"wp-block-stackable-image stk-block-image stk-block stk-a8f67a2 stk-entrance\" data-block-id=\"a8f67a2\"><style>.stk-a8f67a2 {--entrance-transform:translateX(-103px) !important;}.stk-a8f67a2 .stk-img-wrapper{width:100% !important;height:529px !important;}.stk-a8f67a2 .stk-img-wrapper img{object-position:15% 70% !important;}@media screen and (max-width: 767px){.stk-a8f67a2 .stk-img-wrapper{width:100% !important;height:150px !important;}}<\/style><figure><span class=\"stk-img-wrapper stk-image--shape-stretch\"><img loading=\"lazy\" decoding=\"async\" class=\"stk-img wp-image-46866\" src=\"https:\/\/www.campinglagrisse.com\/wp-content\/uploads\/2025\/10\/dejeuner.jpg\" width=\"900\" height=\"400\" alt=\"spacious pitch rental campsite Vend\u00e9e\" srcset=\"https:\/\/www.campinglagrisse.com\/wp-content\/uploads\/2025\/10\/dejeuner.jpg 900w, https:\/\/www.campinglagrisse.com\/wp-content\/uploads\/2025\/10\/dejeuner-300x133.jpg 300w, https:\/\/www.campinglagrisse.com\/wp-content\/uploads\/2025\/10\/dejeuner-768x341.jpg 768w, https:\/\/www.campinglagrisse.com\/wp-content\/uploads\/2025\/10\/dejeuner-500x222.jpg 500w, https:\/\/www.campinglagrisse.com\/wp-content\/uploads\/2025\/10\/dejeuner-800x356.jpg 800w\" sizes=\"auto, (max-width: 900px) 100vw, 900px\" \/><\/span><\/figure><\/div>\n<\/div><\/div><\/div>\n\n\n\n<div class=\"wp-block-stackable-column stk-block-column stk-column stk-block stk-9cb1631\" data-v=\"4\" data-block-id=\"9cb1631\"><div class=\"stk-column-wrapper stk-block-column__content stk-container stk-9cb1631-container stk--no-background stk--no-padding\"><div class=\"stk-block-content stk-inner-blocks stk-9cb1631-inner-blocks\">\n<div class=\"wp-block-stackable-heading stk-block-heading stk-block-heading--v2 stk-block stk-bd19ddf\" id=\"a-la-grisse-on-dort-tranquille\" data-block-id=\"bd19ddf\"><h2 class=\"stk-block-heading__text\">At La Grisse, you can sleep soundly ...<\/h2><\/div>\n\n\n\n<div class=\"wp-block-stackable-text stk-block-text stk-block stk-499d082\" data-block-id=\"499d082\"><p class=\"stk-block-text__text\">There's no need to look for a Disco, Night Bar or Karaoke at Camping la Grisse, you won't find any! ... Nor a Water Park on site with Tonic Gym every morning when you get up ... All this you'll find outside, on the Coast ...<br>The daily and permanent entertainment at La Grisse is the song of the little birds under the mild Vend\u00e9e sun on the very large pitches, and the friendly exchange with your neighbour ...<\/p><\/div>\n\n\n\n<div class=\"wp-block-stackable-heading stk-block-heading stk-block-heading--v2 stk-block stk-09d3e93\" id=\"ce-sont-vos-enfants-qui-demanderont-a-revenir\" data-block-id=\"09d3e93\"><h2 class=\"stk-block-heading__text\">Your children will be the ones asking to come back ...<\/h2><\/div>\n\n\n\n<p>Fear of getting bored? No time! ... The friends, the freedom, the tranquillity of the place, all those little things in life that are so simple and yet so essential, outside of \u00abStanding\u00bb ... You can't talk about it, you have to experience it! ...<\/p>\n<\/div><\/div><\/div>\n<\/div><\/div>\n\n\n\n<div class=\"wp-block-stackable-columns alignfull stk-block-columns stk-block stk-9ce847e stk-block-background\" data-block-id=\"9ce847e\"><style>.stk-9ce847e .stk--block-align-9ce847e{align-items:center !important;}.stk-9ce847e {background-color:#389aa140 !important;padding-top:60px !important;padding-bottom:60px !important;margin-bottom:50px !important;}.stk-9ce847e:before{background-color:#389aa140 !important;}<\/style><div class=\"stk-row stk-inner-blocks stk--block-align-9ce847e stk-block-content stk-content-align stk-9ce847e-column alignwide\">\n<div class=\"wp-block-stackable-column stk-block-column stk-column stk-block stk-3088744\" data-v=\"4\" data-block-id=\"3088744\"><div class=\"stk-column-wrapper stk-block-column__content stk-container stk-3088744-container stk--no-background stk--no-padding\"><div class=\"has-text-align-right stk-block-content stk-inner-blocks stk-3088744-inner-blocks\">\n<div class=\"wp-block-stackable-heading stk-block-heading stk-block-heading--v2 stk-block stk-30a38e7\" id=\"pourtant-des-activites-il-y-en-a\" data-block-id=\"30a38e7\"><h2 class=\"stk-block-heading__text\">And yet there are plenty of activities ...<\/h2><\/div>\n\n\n\n<div class=\"wp-block-stackable-text stk-block-text stk-block stk-35c1f04\" data-block-id=\"35c1f04\"><p class=\"stk-block-text__text\">First of all, you can enjoy the most beautiful beaches in the Vend\u00e9e with your family and friends... The campsite is of course equipped with numerous play areas for young and old (swings, slides, inflatable castle, beach volleyball, as well as a field dedicated to petanque pros... Numerous footpaths starting from the campsite allow you to set off by bike (bike hire on site) to discover our pretty region in the direction of the coast or the hinterland situated on the natural border between Brittany and Aquitaine...<\/p><\/div>\n\n\n\n<div class=\"wp-block-stackable-text stk-block-text stk-block stk-06c6c86\" data-block-id=\"06c6c86\"><p class=\"stk-block-text__text\">In the immediate vicinity of the extraordinary \u00abO'Gliss Park\u00ab water park, fantastic for family fun with all your friends, Indian Forest just a few minutes away via the surrounding forests, Carnac Vend\u00e9en via the Bernard, crossing the Gu\u00e9 du Troussepoil, or the Cour d'Aron Floral Park and the Ch\u00e2teau du Givre, the Yon Valley and the Fiefs Vend\u00e9ens Wine Route at Rosnay and via Mareuil\/Lay, then the Haut Bocage Vend\u00e9en and the Puy du Fou towards the surrounding villages... Not forgetting our superb swimming pool at La Tranche\/Mer, \u00abL'Aunisc\u00e9ane\u00bb, just 10 minutes away ...<\/p><\/div>\n\n\n\n<div class=\"wp-block-stackable-text stk-block-text stk-block stk-5f5b465\" data-block-id=\"5f5b465\"><p class=\"stk-block-text__text\">At the entrance to the campsite, a large, sheltered courtyard offers you the chance to get together for meals, or around the table football and table tennis tables for young and old. One evening each week in high season, the owner offers you the Welcome Aperitif, allowing everyone to meet freely and enjoy themselves around a large open barbecue to grill their dinner, and thus contributing to the happiness of a very convivial evening ending with a little singing and music, depending on the mood of the moment... \u00ab We had lost the meaning of our holidays. We'd lost the meaning of our holidays, we thought that spirit no longer existed... \u00bb But it still exists at La Grisse: \u00abHere we rediscover our values! ...\u00bb, new arrivals tell us every year...<\/p><\/div>\n\n\n\n<p>Making real friends and living life to the full as a family, discovering the country while listening to the \u00ablocals\u00bb are values that can't be found in large, inhuman campsites! ...<\/p>\n<\/div><\/div><\/div>\n\n\n\n<div class=\"wp-block-stackable-column stk-block-column stk-column stk-block stk-ff435f2\" data-v=\"4\" data-block-id=\"ff435f2\"><div class=\"stk-column-wrapper stk-block-column__content stk-container stk-ff435f2-container stk--no-background stk--no-padding\"><div class=\"stk-block-content stk-inner-blocks stk-ff435f2-inner-blocks\">\n<div class=\"wp-block-stackable-image stk-block-image stk-block stk-f8d3003 stk-entrance\" data-block-id=\"f8d3003\"><style>.stk-f8d3003 {--entrance-transform:translateX(123px) !important;--entrance-duration:2s !important;}.stk-f8d3003 .stk-img-wrapper{width:100% !important;height:500px !important;}@media screen and (max-width: 767px){.stk-f8d3003 .stk-img-wrapper{width:100% !important;height:150px !important;}}<\/style><figure><span class=\"stk-img-wrapper stk-image--shape-stretch\"><img loading=\"lazy\" decoding=\"async\" class=\"stk-img wp-image-46867\" src=\"https:\/\/www.campinglagrisse.com\/wp-content\/uploads\/2025\/10\/gonflable.jpg\" width=\"900\" height=\"400\" alt=\"spacious pitch rental campsite Vend\u00e9e\" srcset=\"https:\/\/www.campinglagrisse.com\/wp-content\/uploads\/2025\/10\/gonflable.jpg 900w, https:\/\/www.campinglagrisse.com\/wp-content\/uploads\/2025\/10\/gonflable-300x133.jpg 300w, https:\/\/www.campinglagrisse.com\/wp-content\/uploads\/2025\/10\/gonflable-768x341.jpg 768w, https:\/\/www.campinglagrisse.com\/wp-content\/uploads\/2025\/10\/gonflable-500x222.jpg 500w, https:\/\/www.campinglagrisse.com\/wp-content\/uploads\/2025\/10\/gonflable-800x356.jpg 800w\" sizes=\"auto, (max-width: 900px) 100vw, 900px\" \/><\/span><\/figure><\/div>\n\n\n\n<div class=\"wp-block-stackable-image stk-block-image stk-block stk-03b39f0 stk-entrance\" data-block-id=\"03b39f0\"><style>.stk-03b39f0 {--entrance-transform:translateX(123px) !important;--entrance-duration:2s !important;}.stk-03b39f0 .stk-img-wrapper{width:100% !important;height:450px !important;}@media screen and (max-width: 767px){.stk-03b39f0 .stk-img-wrapper{width:100% !important;height:150px !important;}}<\/style><figure><span class=\"stk-img-wrapper stk-image--shape-stretch\"><img loading=\"lazy\" decoding=\"async\" class=\"stk-img wp-image-46864\" src=\"https:\/\/www.campinglagrisse.com\/wp-content\/uploads\/2025\/10\/airedejeux.jpg\" width=\"900\" height=\"400\" alt=\"spacious pitch rental campsite Vend\u00e9e\" srcset=\"https:\/\/www.campinglagrisse.com\/wp-content\/uploads\/2025\/10\/airedejeux.jpg 900w, https:\/\/www.campinglagrisse.com\/wp-content\/uploads\/2025\/10\/airedejeux-300x133.jpg 300w, https:\/\/www.campinglagrisse.com\/wp-content\/uploads\/2025\/10\/airedejeux-768x341.jpg 768w, https:\/\/www.campinglagrisse.com\/wp-content\/uploads\/2025\/10\/airedejeux-500x222.jpg 500w, https:\/\/www.campinglagrisse.com\/wp-content\/uploads\/2025\/10\/airedejeux-800x356.jpg 800w\" sizes=\"auto, (max-width: 900px) 100vw, 900px\" \/><\/span><\/figure><\/div>\n<\/div><\/div><\/div>\n<\/div><\/div>","protected":false},"excerpt":{"rendered":"<p>La convivialit\u00e9 avant tout \u2026 \u00c0 la Grisse, on dort tranquille \u2026 Inutile de chercher une Disco, un Bar de nuit ou Karaok\u00e9 au Camping la Grisse, vous n\u2019en trouverez pas ! \u2026 Pas plus que de Parc Aquatique sur place avec Gym Tonic tous les matins au lever \u2026 Tout cela vous le trouverez [&hellip;]<\/p>\n","protected":false},"author":1,"featured_media":46945,"parent":0,"menu_order":0,"comment_status":"closed","ping_status":"closed","template":"","meta":{"_acf_changed":false,"_seopress_robots_primary_cat":"","_seopress_titles_title":"D\u00e9couvrir le camping en Vend\u00e9e","_seopress_titles_desc":"A La Grisse c'est la convivialit\u00e9 avant tout. Venez profiter d'un cadre nature et calme \u00e0 deux pas des plages de La Tranche sur Mer.","_seopress_robots_index":"","_vp_format_video_url":"","_vp_image_focal_point":[],"footnotes":""},"class_list":["post-46855","page","type-page","status-publish","has-post-thumbnail","hentry"],"acf":[],"_links":{"self":[{"href":"https:\/\/www.campinglagrisse.com\/en\/wp-json\/wp\/v2\/pages\/46855","targetHints":{"allow":["GET"]}}],"collection":[{"href":"https:\/\/www.campinglagrisse.com\/en\/wp-json\/wp\/v2\/pages"}],"about":[{"href":"https:\/\/www.campinglagrisse.com\/en\/wp-json\/wp\/v2\/types\/page"}],"author":[{"embeddable":true,"href":"https:\/\/www.campinglagrisse.com\/en\/wp-json\/wp\/v2\/users\/1"}],"replies":[{"embeddable":true,"href":"https:\/\/www.campinglagrisse.com\/en\/wp-json\/wp\/v2\/comments?post=46855"}],"version-history":[{"count":7,"href":"https:\/\/www.campinglagrisse.com\/en\/wp-json\/wp\/v2\/pages\/46855\/revisions"}],"predecessor-version":[{"id":47940,"href":"https:\/\/www.campinglagrisse.com\/en\/wp-json\/wp\/v2\/pages\/46855\/revisions\/47940"}],"wp:featuredmedia":[{"embeddable":true,"href":"https:\/\/www.campinglagrisse.com\/en\/wp-json\/wp\/v2\/media\/46945"}],"wp:attachment":[{"href":"https:\/\/www.campinglagrisse.com\/en\/wp-json\/wp\/v2\/media?parent=46855"}],"curies":[{"name":"wp","href":"https:\/\/api.w.org\/{rel}","templated":true}]}}