{"id":46957,"date":"2025-10-10T16:21:27","date_gmt":"2025-10-10T14:21:27","guid":{"rendered":"https:\/\/www.campinglagrisse.com\/?page_id=46957"},"modified":"2025-11-04T16:33:24","modified_gmt":"2025-11-04T15:33:24","slug":"our-values-and-commitments","status":"publish","type":"page","link":"https:\/\/www.campinglagrisse.com\/en\/nos-valeurs-et-engagements\/","title":{"rendered":"Our values and commitments"},"content":{"rendered":"<div class=\"wp-block-stackable-text stk-block-text stk-block stk-f7058a5\" data-block-id=\"f7058a5\"><p class=\"stk-block-text__text has-text-align-center\">At Camping La Grisse, our mission is clear: to offer you holidays in the Vend\u00e9e that combine calm, conviviality and respect for nature. Our values and commitments are at the heart of our 3-star establishment, close to the beaches of La Tranche-sur-Mer, and guide every one of our actions.<\/p><\/div>\n\n\n\n<div class=\"wp-block-stackable-columns stk-block-columns stk-block stk-465cb23\" data-block-id=\"465cb23\"><style>.stk-465cb23 .stk--block-align-465cb23{align-items:center !important;}.stk-465cb23 {margin-bottom:30px !important;}<\/style><div class=\"stk-row stk-inner-blocks stk--block-align-465cb23 stk-block-content stk-content-align stk-465cb23-column\">\n<div class=\"wp-block-stackable-column stk-block-column stk-column stk-block stk-b3c255c\" data-v=\"4\" data-block-id=\"b3c255c\"><div class=\"stk-column-wrapper stk-block-column__content stk-container stk-b3c255c-container stk--no-background stk--no-padding\"><div class=\"stk-block-content stk-inner-blocks stk-b3c255c-inner-blocks\">\n<div class=\"wp-block-stackable-image stk-block-image stk-block stk-a8f67a2 stk-entrance\" data-block-id=\"a8f67a2\"><style>.stk-a8f67a2 {--entrance-transform:translateX(-103px) !important;}.stk-a8f67a2 .stk-img-wrapper{width:100% !important;height:570px !important;}.stk-a8f67a2 .stk-img-wrapper img{object-position:15% 70% !important;}@media screen and (max-width: 767px){.stk-a8f67a2 .stk-img-wrapper{width:100% !important;height:150px !important;}}<\/style><figure><span class=\"stk-img-wrapper stk-image--shape-stretch\"><img loading=\"lazy\" decoding=\"async\" class=\"stk-img wp-image-47046\" src=\"https:\/\/www.campinglagrisse.com\/wp-content\/uploads\/2025\/10\/foret-et-sentier-bois-soret-notre-dame-de-monts-5_webformat.webp\" width=\"1199\" height=\"800\" alt=\"spacious pitch rental campsite Vend\u00e9e\" srcset=\"https:\/\/www.campinglagrisse.com\/wp-content\/uploads\/2025\/10\/foret-et-sentier-bois-soret-notre-dame-de-monts-5_webformat.webp 1199w, https:\/\/www.campinglagrisse.com\/wp-content\/uploads\/2025\/10\/foret-et-sentier-bois-soret-notre-dame-de-monts-5_webformat-300x200.webp 300w, https:\/\/www.campinglagrisse.com\/wp-content\/uploads\/2025\/10\/foret-et-sentier-bois-soret-notre-dame-de-monts-5_webformat-1024x683.webp 1024w, https:\/\/www.campinglagrisse.com\/wp-content\/uploads\/2025\/10\/foret-et-sentier-bois-soret-notre-dame-de-monts-5_webformat-768x512.webp 768w, https:\/\/www.campinglagrisse.com\/wp-content\/uploads\/2025\/10\/foret-et-sentier-bois-soret-notre-dame-de-monts-5_webformat-500x334.webp 500w, https:\/\/www.campinglagrisse.com\/wp-content\/uploads\/2025\/10\/foret-et-sentier-bois-soret-notre-dame-de-monts-5_webformat-800x534.webp 800w\" sizes=\"auto, (max-width: 1199px) 100vw, 1199px\" \/><\/span><\/figure><\/div>\n<\/div><\/div><\/div>\n\n\n\n<div class=\"wp-block-stackable-column stk-block-column stk-column stk-block stk-9cb1631\" data-v=\"4\" data-block-id=\"9cb1631\"><div class=\"stk-column-wrapper stk-block-column__content stk-container stk-9cb1631-container stk--no-background stk--no-padding\"><div class=\"stk-block-content stk-inner-blocks stk-9cb1631-inner-blocks\">\n<div class=\"wp-block-stackable-heading stk-block-heading stk-block-heading--v2 stk-block stk-bd19ddf\" id=\"l-humain-au-coeur-de-l-experience-accueil-et-convivialite\" data-block-id=\"bd19ddf\"><h2 class=\"stk-block-heading__text\">People at the Heart of the Experience: Welcome and Conviviality<\/h2><\/div>\n\n\n\n<div class=\"wp-block-stackable-text stk-block-text stk-block stk-499d082\" data-block-id=\"499d082\"><p class=\"stk-block-text__text\">The first of our values is <strong>a warm, personalised welcome<\/strong> that Camping La Grisse is renowned for. We do everything we can to make you feel at home straight away.<\/p><\/div>\n\n\n\n<div class=\"wp-block-stackable-icon-list stk-block-icon-list stk-block stk-25b44ac\" data-block-id=\"25b44ac\"><style>.stk-25b44ac {--stk-icon-list-marker-color:var(--stk-global-color-93369, #389aa1) !important;--stk-icon-list-icon-size:6px !important;}.stk-25b44ac .stk-block-icon-list-item__content{align-items:baseline !important;}<\/style><svg style=\"display:none\"><defs><g id=\"stk-icon-list__icon-svg-def-25b44ac\"><svg xmlns=\"http:\/\/www.w3.org\/2000\/svg\" viewbox=\"0 0 512 512\"><path d=\"M256 512A256 256 0 1 0 256 0a256 256 0 1 0 0 512z\"\/><\/svg><\/g><\/defs><\/svg><ul class=\"stk-block-icon-list__ul stk-block-icon-list--column\">\n<li class=\"wp-block-stackable-icon-list-item stk-block-icon-list-item stk-block stk-53ce25f\" data-block-id=\"53ce25f\"><div class=\"stk-block-icon-list-item__content\"><span class=\"stk--svg-wrapper\"><div class=\"stk--inner-svg\"><svg aria-hidden=\"true\" width=\"32\" height=\"32\"><use xlink:href=\"#stk-icon-list__icon-svg-def-25b44ac\"><\/use><\/svg><\/div><\/span><span class=\"stk-block-icon-list-item__text\"><strong>A personalised, friendly welcome: <\/strong>Our team is here to advise you, share their passion for the Vend\u00e9e and make sure your stay is unforgettable. Your well-being is our priority.<\/span><\/div><\/li>\n\n\n\n<li class=\"wp-block-stackable-icon-list-item stk-block-icon-list-item stk-block stk-035294e\" data-block-id=\"035294e\"><div class=\"stk-block-icon-list-item__content\"><span class=\"stk--svg-wrapper\"><div class=\"stk--inner-svg\"><svg aria-hidden=\"true\" width=\"32\" height=\"32\"><use xlink:href=\"#stk-icon-list__icon-svg-def-25b44ac\"><\/use><\/svg><\/div><\/span><span class=\"stk-block-icon-list-item__text\"><strong>The Spirit of Camping on a Human Scale :<\/strong> We favour a friendly, relaxed atmosphere. The atmosphere is conducive to meeting people and sharing good times, in an environment where everyone feels respected.<\/span><\/div><\/li>\n\n\n\n<li class=\"wp-block-stackable-icon-list-item stk-block-icon-list-item stk-block stk-2e8c5fa\" data-block-id=\"2e8c5fa\"><div class=\"stk-block-icon-list-item__content\"><span class=\"stk--svg-wrapper\"><div class=\"stk--inner-svg\"><svg aria-hidden=\"true\" width=\"32\" height=\"32\"><use xlink:href=\"#stk-icon-list__icon-svg-def-25b44ac\"><\/use><\/svg><\/div><\/span><span class=\"stk-block-icon-list-item__text\"><strong>Cleanliness and Comfort Guaranteed:<\/strong> We are committed to keeping our spacious pitches, mobile homes and sanitary facilities very clean, to ensure you enjoy the best possible comfort throughout your stay.<\/span><\/div><\/li>\n<\/ul><\/div>\n<\/div><\/div><\/div>\n<\/div><\/div>\n\n\n\n<div class=\"wp-block-stackable-columns alignfull stk-block-columns stk-block stk-9ce847e stk-block-background\" data-block-id=\"9ce847e\"><style>.stk-9ce847e .stk--block-align-9ce847e{align-items:center !important;}.stk-9ce847e {background-color:#389aa140 !important;padding-top:60px !important;padding-bottom:60px !important;margin-bottom:50px !important;}.stk-9ce847e:before{background-color:#389aa140 !important;}<\/style><div class=\"stk-row stk-inner-blocks stk--block-align-9ce847e stk-block-content stk-content-align stk-9ce847e-column alignwide\">\n<div class=\"wp-block-stackable-column stk-block-column stk-column stk-block stk-3088744\" data-v=\"4\" data-block-id=\"3088744\"><div class=\"stk-column-wrapper stk-block-column__content stk-container stk-3088744-container stk--no-background stk--no-padding\"><div class=\"has-text-align-right stk-block-content stk-inner-blocks stk-3088744-inner-blocks\">\n<div class=\"wp-block-stackable-heading stk-block-heading stk-block-heading--v2 stk-block stk-35c1f04\" id=\"respect-de-la-nature-et-engagement-ecologique-en-vendee\" data-block-id=\"35c1f04\"><h2 class=\"stk-block-heading__text has-text-align-left\">Respect for Nature and Ecological Commitment in the Vend\u00e9e<\/h2><\/div>\n\n\n\n<div class=\"wp-block-stackable-text stk-block-text stk-block stk-cf7b660\" data-block-id=\"cf7b660\"><p class=\"stk-block-text__text has-text-align-left translation-block\">Set in an exceptional natural setting, between bocage and coastline, Camping La Grisse is deeply committed to ecology and responsible tourism.<\/p><\/div>\n\n\n\n<div class=\"wp-block-stackable-icon-list stk-block-icon-list has-text-align-left stk-block stk-6bf7174\" data-block-id=\"6bf7174\"><style>.stk-6bf7174 {--stk-icon-list-marker-color:var(--stk-global-color-93369, #389aa1) !important;--stk-icon-list-icon-size:6px !important;}.stk-6bf7174 .stk-block-icon-list-item__content{align-items:baseline !important;}.stk-6bf7174 .stk-block-icon-list__group{margin-inline:0 auto !important;}<\/style><svg style=\"display:none\"><defs><g id=\"stk-icon-list__icon-svg-def-6bf7174\"><svg xmlns=\"http:\/\/www.w3.org\/2000\/svg\" viewbox=\"0 0 512 512\"><path d=\"M256 512A256 256 0 1 0 256 0a256 256 0 1 0 0 512z\"\/><\/svg><\/g><\/defs><\/svg><ul class=\"stk-block-icon-list__ul stk-block-icon-list--column\">\n<li class=\"wp-block-stackable-icon-list-item stk-block-icon-list-item stk-block stk-305fcd8\" data-block-id=\"305fcd8\"><div class=\"stk-block-icon-list-item__content\"><span class=\"stk--svg-wrapper\"><div class=\"stk--inner-svg\"><svg aria-hidden=\"true\" width=\"32\" height=\"32\"><use xlink:href=\"#stk-icon-list__icon-svg-def-6bf7174\"><\/use><\/svg><\/div><\/span><span class=\"stk-block-icon-list-item__text\"><strong>An Oasis of Calm and Serenity <\/strong>We take great care to preserve the peace and quiet of our site. Our large, shady pitches are designed to allow you to relax and recharge your batteries.<\/span><\/div><\/li>\n\n\n\n<li class=\"wp-block-stackable-icon-list-item stk-block-icon-list-item stk-block stk-0e38d6d\" data-block-id=\"0e38d6d\"><div class=\"stk-block-icon-list-item__content\"><span class=\"stk--svg-wrapper\"><div class=\"stk--inner-svg\"><svg aria-hidden=\"true\" width=\"32\" height=\"32\"><use xlink:href=\"#stk-icon-list__icon-svg-def-6bf7174\"><\/use><\/svg><\/div><\/span><span class=\"stk-block-icon-list-item__text\"><strong>Local roots and short circuits:<\/strong> We support local players and initiatives. The \u00abnature campsite\u00bb aspect means you can enjoy fresh produce, such as eggs, and reconnect with the local Vend\u00e9e produce.<\/span><\/div><\/li>\n\n\n\n<li class=\"wp-block-stackable-icon-list-item stk-block-icon-list-item stk-block stk-53bf5f6\" data-block-id=\"53bf5f6\"><div class=\"stk-block-icon-list-item__content\"><span class=\"stk--svg-wrapper\"><div class=\"stk--inner-svg\"><svg aria-hidden=\"true\" width=\"32\" height=\"32\"><use xlink:href=\"#stk-icon-list__icon-svg-def-6bf7174\"><\/use><\/svg><\/div><\/span><span class=\"stk-block-icon-list-item__text\"><strong>Responsible Resource Management :<\/strong> We take action every day to minimise our environmental impact:<br>- Selective sorting for better recycling of our waste.<br>- Rational management of water and energy (lighting, equipment).<br>- Preserving biodiversity on the campsite, in harmony with local flora and fauna.<\/span><\/div><\/li>\n<\/ul><\/div>\n\n\n\n<div class=\"wp-block-stackable-text stk-block-text stk-block stk-91f83d7\" data-block-id=\"91f83d7\"><p class=\"stk-block-text__text has-text-align-left\">By choosing Camping La Grisse, you're opting for a holiday that makes sense, where simplicity, kindness and ecology come together.<\/p><\/div>\n<\/div><\/div><\/div>\n\n\n\n<div class=\"wp-block-stackable-column stk-block-column stk-column stk-block stk-ff435f2\" data-v=\"4\" data-block-id=\"ff435f2\"><div class=\"stk-column-wrapper stk-block-column__content stk-container stk-ff435f2-container stk--no-background stk--no-padding\"><div class=\"stk-block-content stk-inner-blocks stk-ff435f2-inner-blocks\">\n<div class=\"wp-block-stackable-image stk-block-image stk-block stk-f8d3003 stk-entrance\" data-block-id=\"f8d3003\"><style>.stk-f8d3003 {--entrance-transform:translateX(123px) !important;--entrance-duration:2s !important;}.stk-f8d3003 .stk-img-wrapper{width:100% !important;height:700px !important;}@media screen and (max-width: 767px){.stk-f8d3003 .stk-img-wrapper{width:100% !important;height:150px !important;}}<\/style><figure><span class=\"stk-img-wrapper stk-image--shape-stretch\"><img loading=\"lazy\" decoding=\"async\" class=\"stk-img wp-image-46686\" src=\"https:\/\/www.campinglagrisse.com\/wp-content\/uploads\/2025\/07\/ValleedelYon-Personnalise.jpg\" width=\"1000\" height=\"667\" alt=\"spacious pitch rental campsite Vend\u00e9e\" srcset=\"https:\/\/www.campinglagrisse.com\/wp-content\/uploads\/2025\/07\/ValleedelYon-Personnalise.jpg 1000w, https:\/\/www.campinglagrisse.com\/wp-content\/uploads\/2025\/07\/ValleedelYon-Personnalise-300x200.jpg 300w, https:\/\/www.campinglagrisse.com\/wp-content\/uploads\/2025\/07\/ValleedelYon-Personnalise-768x512.jpg 768w, https:\/\/www.campinglagrisse.com\/wp-content\/uploads\/2025\/07\/ValleedelYon-Personnalise-500x334.jpg 500w, https:\/\/www.campinglagrisse.com\/wp-content\/uploads\/2025\/07\/ValleedelYon-Personnalise-800x534.jpg 800w\" sizes=\"auto, (max-width: 1000px) 100vw, 1000px\" \/><\/span><\/figure><\/div>\n<\/div><\/div><\/div>\n<\/div><\/div>","protected":false},"excerpt":{"rendered":"<p>Au Camping La Grisse, notre mission est claire : vous offrir des vacances en Vend\u00e9e qui allient calme, convivialit\u00e9 et respect de la nature. Nos valeurs et engagements sont le c\u0153ur de notre \u00e9tablissement 3 \u00e9toiles, pr\u00e8s des plages de La Tranche-sur-Mer, et guident chacune de nos actions. L&rsquo;Humain au C\u0153ur de l&rsquo;Exp\u00e9rience : Accueil [&hellip;]<\/p>\n","protected":false},"author":1,"featured_media":46945,"parent":0,"menu_order":0,"comment_status":"closed","ping_status":"closed","template":"","meta":{"_acf_changed":false,"_seopress_robots_primary_cat":"","_seopress_titles_title":"Nos valeurs et engagements - La Grisse","_seopress_titles_desc":"Le camping La Grisse est le lieu id\u00e9al pour se ressourcer et profiter du calme. D\u00e9couvrez les valeurs et engagements de ce camping en Vend\u00e9e.","_seopress_robots_index":"","_vp_format_video_url":"","_vp_image_focal_point":[],"footnotes":""},"class_list":["post-46957","page","type-page","status-publish","has-post-thumbnail","hentry"],"acf":[],"_links":{"self":[{"href":"https:\/\/www.campinglagrisse.com\/en\/wp-json\/wp\/v2\/pages\/46957","targetHints":{"allow":["GET"]}}],"collection":[{"href":"https:\/\/www.campinglagrisse.com\/en\/wp-json\/wp\/v2\/pages"}],"about":[{"href":"https:\/\/www.campinglagrisse.com\/en\/wp-json\/wp\/v2\/types\/page"}],"author":[{"embeddable":true,"href":"https:\/\/www.campinglagrisse.com\/en\/wp-json\/wp\/v2\/users\/1"}],"replies":[{"embeddable":true,"href":"https:\/\/www.campinglagrisse.com\/en\/wp-json\/wp\/v2\/comments?post=46957"}],"version-history":[{"count":5,"href":"https:\/\/www.campinglagrisse.com\/en\/wp-json\/wp\/v2\/pages\/46957\/revisions"}],"predecessor-version":[{"id":47941,"href":"https:\/\/www.campinglagrisse.com\/en\/wp-json\/wp\/v2\/pages\/46957\/revisions\/47941"}],"wp:featuredmedia":[{"embeddable":true,"href":"https:\/\/www.campinglagrisse.com\/en\/wp-json\/wp\/v2\/media\/46945"}],"wp:attachment":[{"href":"https:\/\/www.campinglagrisse.com\/en\/wp-json\/wp\/v2\/media?parent=46957"}],"curies":[{"name":"wp","href":"https:\/\/api.w.org\/{rel}","templated":true}]}}