{"id":47007,"date":"2025-10-13T16:01:09","date_gmt":"2025-10-13T14:01:09","guid":{"rendered":"https:\/\/www.campinglagrisse.com\/?page_id=47007"},"modified":"2025-11-04T16:37:04","modified_gmt":"2025-11-04T15:37:04","slug":"la-tranche-sur-mer","status":"publish","type":"page","link":"https:\/\/www.campinglagrisse.com\/en\/la-tranche-sur-mer\/","title":{"rendered":"La Tranche sur Mer"},"content":{"rendered":"<div class=\"wp-block-stackable-columns stk-block-columns stk-block stk-465cb23\" data-block-id=\"465cb23\"><style>.stk-465cb23 .stk--block-align-465cb23{align-items:center !important;}.stk-465cb23 {margin-bottom:30px !important;}<\/style><div class=\"stk-row stk-inner-blocks stk--block-align-465cb23 stk-block-content stk-content-align stk-465cb23-column\">\n<div class=\"wp-block-stackable-column stk-block-column stk-column stk-block stk-b3c255c\" data-v=\"4\" data-block-id=\"b3c255c\"><div class=\"stk-column-wrapper stk-block-column__content stk-container stk-b3c255c-container stk--no-background stk--no-padding\"><div class=\"stk-block-content stk-inner-blocks stk-b3c255c-inner-blocks\">\n<div class=\"wp-block-stackable-image stk-block-image stk-block stk-a8f67a2 stk-entrance\" data-block-id=\"a8f67a2\"><style>.stk-a8f67a2 {--entrance-transform:translateX(-103px) !important;}.stk-a8f67a2 .stk-img-wrapper{width:100% !important;height:570px !important;}.stk-a8f67a2 .stk-img-wrapper img{object-position:15% 70% !important;}@media screen and (max-width: 767px){.stk-a8f67a2 .stk-img-wrapper{width:100% !important;height:150px !important;}}<\/style><figure><span class=\"stk-img-wrapper stk-image--shape-stretch\"><img loading=\"lazy\" decoding=\"async\" class=\"stk-img wp-image-46931\" src=\"https:\/\/www.campinglagrisse.com\/wp-content\/uploads\/2025\/10\/plage_centrale_la_tranche_sur_mer_10_792x528-personnalise_webformat.webp\" width=\"1000\" height=\"667\" alt=\"spacious pitch rental campsite Vend\u00e9e\" srcset=\"https:\/\/www.campinglagrisse.com\/wp-content\/uploads\/2025\/10\/plage_centrale_la_tranche_sur_mer_10_792x528-personnalise_webformat.webp 1000w, https:\/\/www.campinglagrisse.com\/wp-content\/uploads\/2025\/10\/plage_centrale_la_tranche_sur_mer_10_792x528-personnalise_webformat-300x200.webp 300w, https:\/\/www.campinglagrisse.com\/wp-content\/uploads\/2025\/10\/plage_centrale_la_tranche_sur_mer_10_792x528-personnalise_webformat-768x512.webp 768w, https:\/\/www.campinglagrisse.com\/wp-content\/uploads\/2025\/10\/plage_centrale_la_tranche_sur_mer_10_792x528-personnalise_webformat-500x334.webp 500w, https:\/\/www.campinglagrisse.com\/wp-content\/uploads\/2025\/10\/plage_centrale_la_tranche_sur_mer_10_792x528-personnalise_webformat-800x534.webp 800w\" sizes=\"auto, (max-width: 1000px) 100vw, 1000px\" \/><\/span><\/figure><\/div>\n<\/div><\/div><\/div>\n\n\n\n<div class=\"wp-block-stackable-column stk-block-column stk-column stk-block stk-9cb1631\" data-v=\"4\" data-block-id=\"9cb1631\"><div class=\"stk-column-wrapper stk-block-column__content stk-container stk-9cb1631-container stk--no-background stk--no-padding\"><div class=\"stk-block-content stk-inner-blocks stk-9cb1631-inner-blocks\">\n<div class=\"wp-block-stackable-heading stk-block-heading stk-block-heading--v2 stk-block stk-bd19ddf\" id=\"entre-plages-de-sable-fin-balades-en-bord-de-mer-et-ambiance-estivale\" data-block-id=\"bd19ddf\"><h2 class=\"stk-block-heading__text\">Between fine sandy beaches, seaside walks and a summer atmosphere<\/h2><\/div>\n\n\n\n<div class=\"wp-block-stackable-text stk-block-text stk-block stk-f903766\" data-block-id=\"f903766\"><p class=\"stk-block-text__text\">Just 10 minutes from Camping La Grisse, discover La Tranche-sur-Mer, one of the most emblematic seaside resorts in the Vend\u00e9e.<br>Nicknamed \u201cLa petite Californie vend\u00e9enne\u201d for its exceptional sunshine, La Tranche-sur-Mer is a must-visit destination for holidaymakers looking for sea, nature and relaxation \u2600\ufe0f.<\/p><\/div>\n\n\n\n<div class=\"wp-block-stackable-text stk-block-text stk-block stk-d2e8cba\" data-block-id=\"d2e8cba\"><p class=\"stk-block-text__text\">Whether you're a fan of swimming, cycling or typical Vend\u00e9e markets, this charming resort promises unforgettable moments by the ocean.<\/p><\/div>\n<\/div><\/div><\/div>\n<\/div><\/div>\n\n\n\n<div class=\"wp-block-stackable-columns alignfull stk-block-columns stk-block stk-9ce847e stk-block-background\" data-block-id=\"9ce847e\"><style>.stk-9ce847e .stk--block-align-9ce847e{align-items:center !important;}.stk-9ce847e {background-color:#389aa140 !important;padding-top:60px !important;padding-bottom:60px !important;margin-bottom:50px !important;}.stk-9ce847e:before{background-color:#389aa140 !important;}<\/style><div class=\"stk-row stk-inner-blocks stk--block-align-9ce847e stk-block-content stk-content-align stk-9ce847e-column alignwide\">\n<div class=\"wp-block-stackable-column stk-block-column stk-column stk-block stk-3088744\" data-v=\"4\" data-block-id=\"3088744\"><div class=\"stk-column-wrapper stk-block-column__content stk-container stk-3088744-container stk--no-background stk--no-padding\"><div class=\"has-text-align-right stk-block-content stk-inner-blocks stk-3088744-inner-blocks\">\n<div class=\"wp-block-stackable-heading stk-block-heading stk-block-heading--v2 stk-block stk-35c1f04\" id=\"des-plages-magnifiques-a-perte-de-vue\" data-block-id=\"35c1f04\"><h2 class=\"stk-block-heading__text has-text-align-left\">Magnificent beaches as far as the eye can see<\/h2><\/div>\n\n\n\n<div class=\"wp-block-stackable-text stk-block-text stk-block stk-d7d5797\" data-block-id=\"d7d5797\"><p class=\"stk-block-text__text has-text-align-left\">With over 13km of beaches, La Tranche-sur-Mer is the ideal playground for all the family.<br>Wild beaches, quiet spots or busy areas: there's something for everyone.<\/p><\/div>\n\n\n\n<div class=\"wp-block-stackable-text stk-block-text stk-block stk-3281155\" data-block-id=\"3281155\"><p class=\"stk-block-text__text has-text-align-left\">\ud83c\udf05 Our favourite beaches :<\/p><\/div>\n\n\n\n<div class=\"wp-block-stackable-icon-list stk-block-icon-list has-text-align-left stk-block stk-790e1e8\" data-block-id=\"790e1e8\"><style>.stk-790e1e8 {--stk-icon-list-marker-color:var(--stk-global-color-93369, #389aa1) !important;--stk-icon-list-icon-size:6px !important;}.stk-790e1e8 .stk-block-icon-list-item__content{align-items:baseline !important;}.stk-790e1e8 .stk-block-icon-list__group{margin-inline:0 auto !important;}<\/style><svg style=\"display:none\"><defs><g id=\"stk-icon-list__icon-svg-def-790e1e8\"><svg xmlns=\"http:\/\/www.w3.org\/2000\/svg\" viewbox=\"0 0 512 512\"><path d=\"M256 512A256 256 0 1 0 256 0a256 256 0 1 0 0 512z\"\/><\/svg><\/g><\/defs><\/svg><ul class=\"stk-block-icon-list__ul stk-block-icon-list--column\">\n<li class=\"wp-block-stackable-icon-list-item stk-block-icon-list-item stk-block stk-5c9ec1b\" data-block-id=\"5c9ec1b\"><div class=\"stk-block-icon-list-item__content\"><span class=\"stk--svg-wrapper\"><div class=\"stk--inner-svg\"><svg aria-hidden=\"true\" width=\"32\" height=\"32\"><use xlink:href=\"#stk-icon-list__icon-svg-def-790e1e8\"><\/use><\/svg><\/div><\/span><span class=\"stk-block-icon-list-item__text\"><strong>La Grande Plage<\/strong> Perfect for swimming, relaxing and sandcastles.<\/span><\/div><\/li>\n\n\n\n<li class=\"wp-block-stackable-icon-list-item stk-block-icon-list-item stk-block stk-315988c\" data-block-id=\"315988c\"><div class=\"stk-block-icon-list-item__content\"><span class=\"stk--svg-wrapper\"><div class=\"stk--inner-svg\"><svg aria-hidden=\"true\" width=\"32\" height=\"32\"><use xlink:href=\"#stk-icon-list__icon-svg-def-790e1e8\"><\/use><\/svg><\/div><\/span><span class=\"stk-block-icon-list-item__text\"><strong>La Terri\u00e8re :<\/strong> With its wild, dune-fringed landscape, it's an ideal destination for nature lovers.<\/span><\/div><\/li>\n\n\n\n<li class=\"wp-block-stackable-icon-list-item stk-block-icon-list-item stk-block stk-ba3bc5e\" data-block-id=\"ba3bc5e\"><div class=\"stk-block-icon-list-item__content\"><span class=\"stk--svg-wrapper\"><div class=\"stk--inner-svg\"><svg aria-hidden=\"true\" width=\"32\" height=\"32\"><use xlink:href=\"#stk-icon-list__icon-svg-def-790e1e8\"><\/use><\/svg><\/div><\/span><span class=\"stk-block-icon-list-item__text\"><strong>La Gri\u00e8re :<\/strong> ideal for families, with easy access and supervised areas.<\/span><\/div><\/li>\n\n\n\n<li class=\"wp-block-stackable-icon-list-item stk-block-icon-list-item stk-block stk-ee19e2a\" data-block-id=\"ee19e2a\"><div class=\"stk-block-icon-list-item__content\"><span class=\"stk--svg-wrapper\"><div class=\"stk--inner-svg\"><svg aria-hidden=\"true\" width=\"32\" height=\"32\"><use xlink:href=\"#stk-icon-list__icon-svg-def-790e1e8\"><\/use><\/svg><\/div><\/span><span class=\"stk-block-icon-list-item__text\"><strong>The Lighthouse beach <\/strong>A superb spot to watch the sun set over the horizon.<\/span><\/div><\/li>\n<\/ul><\/div>\n\n\n\n<div class=\"wp-block-stackable-text stk-block-text stk-block stk-6029490\" data-block-id=\"6029490\"><p class=\"stk-block-text__text has-text-align-left\">The soft sand, clear water and gentle waves make La Tranche-sur-Mer a friendly, family-friendly seaside resort, just like your holiday at Camping La Grisse.<\/p><\/div>\n<\/div><\/div><\/div>\n\n\n\n<div class=\"wp-block-stackable-column stk-block-column stk-column stk-block stk-ff435f2\" data-v=\"4\" data-block-id=\"ff435f2\"><div class=\"stk-column-wrapper stk-block-column__content stk-container stk-ff435f2-container stk--no-background stk--no-padding\"><div class=\"stk-block-content stk-inner-blocks stk-ff435f2-inner-blocks\">\n<div class=\"wp-block-stackable-image stk-block-image stk-block stk-f8d3003 stk-entrance\" data-block-id=\"f8d3003\"><style>.stk-f8d3003 {--entrance-transform:translateX(123px) !important;--entrance-duration:2s !important;}.stk-f8d3003 .stk-img-wrapper{width:100% !important;height:650px !important;}@media screen and (max-width: 767px){.stk-f8d3003 .stk-img-wrapper{width:100% !important;height:200px !important;}}<\/style><figure><span class=\"stk-img-wrapper stk-image--shape-stretch\"><img loading=\"lazy\" decoding=\"async\" class=\"stk-img wp-image-47041\" src=\"https:\/\/www.campinglagrisse.com\/wp-content\/uploads\/2025\/10\/aerienne-latranchesurmer650_webformat-1.webp\" width=\"1201\" height=\"800\" alt=\"spacious pitch rental campsite Vend\u00e9e\" srcset=\"https:\/\/www.campinglagrisse.com\/wp-content\/uploads\/2025\/10\/aerienne-latranchesurmer650_webformat-1.webp 1201w, https:\/\/www.campinglagrisse.com\/wp-content\/uploads\/2025\/10\/aerienne-latranchesurmer650_webformat-1-300x200.webp 300w, https:\/\/www.campinglagrisse.com\/wp-content\/uploads\/2025\/10\/aerienne-latranchesurmer650_webformat-1-1024x682.webp 1024w, https:\/\/www.campinglagrisse.com\/wp-content\/uploads\/2025\/10\/aerienne-latranchesurmer650_webformat-1-768x512.webp 768w, https:\/\/www.campinglagrisse.com\/wp-content\/uploads\/2025\/10\/aerienne-latranchesurmer650_webformat-1-500x333.webp 500w, https:\/\/www.campinglagrisse.com\/wp-content\/uploads\/2025\/10\/aerienne-latranchesurmer650_webformat-1-800x533.webp 800w\" sizes=\"auto, (max-width: 1201px) 100vw, 1201px\" \/><\/span><\/figure><\/div>\n<\/div><\/div><\/div>\n<\/div><\/div>\n\n\n\n<div class=\"wp-block-stackable-columns stk-block-columns stk-block stk-9fc9d48\" data-block-id=\"9fc9d48\"><style>.stk-9fc9d48 .stk--block-align-9fc9d48{align-items:center !important;}.stk-9fc9d48 {margin-bottom:30px !important;}<\/style><div class=\"stk-row stk-inner-blocks stk--block-align-9fc9d48 stk-block-content stk-content-align stk-9fc9d48-column\">\n<div class=\"wp-block-stackable-column stk-block-column stk-column stk-block stk-85f97aa\" data-v=\"4\" data-block-id=\"85f97aa\"><div class=\"stk-column-wrapper stk-block-column__content stk-container stk-85f97aa-container stk--no-background stk--no-padding\"><div class=\"stk-block-content stk-inner-blocks stk-85f97aa-inner-blocks\">\n<div class=\"wp-block-stackable-image stk-block-image stk-block stk-702d6da stk-entrance\" data-block-id=\"702d6da\"><style>.stk-702d6da {--entrance-transform:translateX(-103px) !important;}.stk-702d6da .stk-img-wrapper{width:100% !important;height:689px !important;}.stk-702d6da .stk-img-wrapper img{object-position:15% 70% !important;}@media screen and (max-width: 767px){.stk-702d6da .stk-img-wrapper{width:100% !important;height:250px !important;}}<\/style><figure><span class=\"stk-img-wrapper stk-image--shape-stretch\"><img loading=\"lazy\" decoding=\"async\" class=\"stk-img wp-image-46658\" src=\"https:\/\/www.campinglagrisse.com\/wp-content\/uploads\/2025\/07\/20180908_115624-Personnalise-rotated.jpg\" width=\"750\" height=\"1000\" alt=\"spacious pitch rental campsite Vend\u00e9e\" srcset=\"https:\/\/www.campinglagrisse.com\/wp-content\/uploads\/2025\/07\/20180908_115624-Personnalise-rotated.jpg 750w, https:\/\/www.campinglagrisse.com\/wp-content\/uploads\/2025\/07\/20180908_115624-Personnalise-225x300.jpg 225w, https:\/\/www.campinglagrisse.com\/wp-content\/uploads\/2025\/07\/20180908_115624-Personnalise-500x667.jpg 500w\" sizes=\"auto, (max-width: 750px) 100vw, 750px\" \/><\/span><\/figure><\/div>\n<\/div><\/div><\/div>\n\n\n\n<div class=\"wp-block-stackable-column stk-block-column stk-column stk-block stk-284499f\" data-v=\"4\" data-block-id=\"284499f\"><div class=\"stk-column-wrapper stk-block-column__content stk-container stk-284499f-container stk--no-background stk--no-padding\"><div class=\"stk-block-content stk-inner-blocks stk-284499f-inner-blocks\">\n<div class=\"wp-block-stackable-heading stk-block-heading stk-block-heading--v2 stk-block stk-b533233\" id=\"le-charme-du-centre-ville-et-des-marches\" data-block-id=\"b533233\"><h2 class=\"stk-block-heading__text\">The charm of the city centre and its markets<\/h2><\/div>\n\n\n\n<div class=\"wp-block-stackable-text stk-block-text stk-block stk-786886e\" data-block-id=\"786886e\"><p class=\"stk-block-text__text\">La Tranche-sur-Mer is more than just a splendid coastline: it's also a friendly, lively resort.<br>Stroll through the pedestrianised streets, discover the little local shops and enjoy the typical Vend\u00e9e atmosphere.<\/p><\/div>\n\n\n\n<p>Don't miss :<\/p>\n\n\n\n<div class=\"wp-block-stackable-icon-list stk-block-icon-list stk-block stk-ba0eca4\" data-block-id=\"ba0eca4\"><style>.stk-ba0eca4 {--stk-icon-list-marker-color:var(--stk-global-color-93369, #389aa1) !important;--stk-icon-list-icon-size:6px !important;}.stk-ba0eca4 .stk-block-icon-list-item__content{align-items:baseline !important;}<\/style><svg style=\"display:none\"><defs><g id=\"stk-icon-list__icon-svg-def-ba0eca4\"><svg xmlns=\"http:\/\/www.w3.org\/2000\/svg\" viewbox=\"0 0 512 512\"><path d=\"M256 512A256 256 0 1 0 256 0a256 256 0 1 0 0 512z\"\/><\/svg><\/g><\/defs><\/svg><ul class=\"stk-block-icon-list__ul stk-block-icon-list--column\">\n<li class=\"wp-block-stackable-icon-list-item stk-block-icon-list-item stk-block stk-baa4194\" data-block-id=\"baa4194\"><div class=\"stk-block-icon-list-item__content\"><span class=\"stk--svg-wrapper\"><div class=\"stk--inner-svg\"><svg aria-hidden=\"true\" width=\"32\" height=\"32\"><use xlink:href=\"#stk-icon-list__icon-svg-def-ba0eca4\"><\/use><\/svg><\/div><\/span><span class=\"stk-block-icon-list-item__text\">the Halles market, open several times a week,<\/span><\/div><\/li>\n\n\n\n<li class=\"wp-block-stackable-icon-list-item stk-block-icon-list-item stk-block stk-e86c936\" data-block-id=\"e86c936\"><div class=\"stk-block-icon-list-item__content\"><span class=\"stk--svg-wrapper\"><div class=\"stk--inner-svg\"><svg aria-hidden=\"true\" width=\"32\" height=\"32\"><use xlink:href=\"#stk-icon-list__icon-svg-def-ba0eca4\"><\/use><\/svg><\/div><\/span><span class=\"stk-block-icon-list-item__text\">summer evenings with concerts and shows,<\/span><\/div><\/li>\n\n\n\n<li class=\"wp-block-stackable-icon-list-item stk-block-icon-list-item stk-block stk-b258d06\" data-block-id=\"b258d06\"><div class=\"stk-block-icon-list-item__content\"><span class=\"stk--svg-wrapper\"><div class=\"stk--inner-svg\"><svg aria-hidden=\"true\" width=\"32\" height=\"32\"><use xlink:href=\"#stk-icon-list__icon-svg-def-ba0eca4\"><\/use><\/svg><\/div><\/span><span class=\"stk-block-icon-list-item__text\">caf\u00e9 terraces serving cr\u00eapes, ice creams and seafood,<\/span><\/div><\/li>\n\n\n\n<li class=\"wp-block-stackable-icon-list-item stk-block-icon-list-item stk-block stk-a7b5d60\" data-block-id=\"a7b5d60\"><div class=\"stk-block-icon-list-item__content\"><span class=\"stk--svg-wrapper\"><div class=\"stk--inner-svg\"><svg aria-hidden=\"true\" width=\"32\" height=\"32\"><use xlink:href=\"#stk-icon-list__icon-svg-def-ba0eca4\"><\/use><\/svg><\/div><\/span><span class=\"stk-block-icon-list-item__text\">and shops selling regional products (honey, Noirmoutier salt, Vend\u00e9e brioche, etc.).<\/span><\/div><\/li>\n<\/ul><\/div>\n\n\n\n<div class=\"wp-block-stackable-text stk-block-text stk-block stk-9bcc658\" data-block-id=\"9bcc658\"><p class=\"stk-block-text__text\">A simple, happy place to live, just like a holiday at Camping La Grisse \ud83d\udc1a.<\/p><\/div>\n\n\n\n<div class=\"wp-block-stackable-text stk-block-text stk-block stk-10de0ac\" data-block-id=\"10de0ac\"><p class=\"stk-block-text__text\">Located just 10 minutes from the coast, Camping La Grisse is the ideal base from which to make the most of La Tranche-sur-Mer.<br>After a day at the beach or on the cycle paths, enjoy the peace and quiet of a family campsite, with its swimming pool, wide open spaces and friendly atmosphere.<\/p><\/div>\n<\/div><\/div><\/div>\n<\/div><\/div>","protected":false},"excerpt":{"rendered":"<p>Entre plages de sable fin, balades en bord de mer et ambiance estivale \u00c0 seulement 10 minutes du Camping La Grisse, partez \u00e0 la d\u00e9couverte de La Tranche-sur-Mer, l\u2019une des stations baln\u00e9aires les plus embl\u00e9matiques de la Vend\u00e9e.Surnomm\u00e9e \u201cLa petite Californie vend\u00e9enne\u201d pour son ensoleillement exceptionnel, La Tranche-sur-Mer est une destination incontournable pour les vacanciers [&hellip;]<\/p>\n","protected":false},"author":1,"featured_media":46945,"parent":0,"menu_order":0,"comment_status":"closed","ping_status":"closed","template":"","meta":{"_acf_changed":false,"_seopress_robots_primary_cat":"","_seopress_titles_title":"Camping bien situ\u00e9 en Vend\u00e9e \u2013 Proche des plages | Camping La Grisse","_seopress_titles_desc":"Le Camping La Grisse est id\u00e9alement situ\u00e9 en Vend\u00e9e, \u00e0 proximit\u00e9 des plages, pistes cyclables et des sites touristiques incontournables, entre nature et oc\u00e9an.","_seopress_robots_index":"","_vp_format_video_url":"","_vp_image_focal_point":[],"footnotes":""},"class_list":["post-47007","page","type-page","status-publish","has-post-thumbnail","hentry"],"acf":[],"_links":{"self":[{"href":"https:\/\/www.campinglagrisse.com\/en\/wp-json\/wp\/v2\/pages\/47007","targetHints":{"allow":["GET"]}}],"collection":[{"href":"https:\/\/www.campinglagrisse.com\/en\/wp-json\/wp\/v2\/pages"}],"about":[{"href":"https:\/\/www.campinglagrisse.com\/en\/wp-json\/wp\/v2\/types\/page"}],"author":[{"embeddable":true,"href":"https:\/\/www.campinglagrisse.com\/en\/wp-json\/wp\/v2\/users\/1"}],"replies":[{"embeddable":true,"href":"https:\/\/www.campinglagrisse.com\/en\/wp-json\/wp\/v2\/comments?post=47007"}],"version-history":[{"count":4,"href":"https:\/\/www.campinglagrisse.com\/en\/wp-json\/wp\/v2\/pages\/47007\/revisions"}],"predecessor-version":[{"id":47944,"href":"https:\/\/www.campinglagrisse.com\/en\/wp-json\/wp\/v2\/pages\/47007\/revisions\/47944"}],"wp:featuredmedia":[{"embeddable":true,"href":"https:\/\/www.campinglagrisse.com\/en\/wp-json\/wp\/v2\/media\/46945"}],"wp:attachment":[{"href":"https:\/\/www.campinglagrisse.com\/en\/wp-json\/wp\/v2\/media?parent=47007"}],"curies":[{"name":"wp","href":"https:\/\/api.w.org\/{rel}","templated":true}]}}