{"id":47025,"date":"2025-10-13T16:39:31","date_gmt":"2025-10-13T14:39:31","guid":{"rendered":"https:\/\/www.campinglagrisse.com\/?page_id=47025"},"modified":"2025-10-22T11:33:59","modified_gmt":"2025-10-22T09:33:59","slug":"sea-coast","status":"publish","type":"page","link":"https:\/\/www.campinglagrisse.com\/en\/cote-mer\/","title":{"rendered":"Sea side"},"content":{"rendered":"<div class=\"wp-block-stackable-columns stk-block-columns stk-block stk-cc1a08a\" data-block-id=\"cc1a08a\"><div class=\"stk-row stk-inner-blocks stk-block-content stk-content-align stk-cc1a08a-column\">\n<div class=\"wp-block-stackable-column stk-block-column stk-column stk-block stk-ca42415\" data-v=\"4\" data-block-id=\"ca42415\"><div class=\"stk-column-wrapper stk-block-column__content stk-container stk-ca42415-container stk--no-background stk--no-padding\"><div class=\"stk-block-content stk-inner-blocks stk-ca42415-inner-blocks\">\n<div class=\"wp-block-stackable-image-box stk-block-image-box stk-hover-parent stk-block stk-2add224 is-style-default\" data-block-id=\"2add224\"><div class=\"stk-block-content stk-inner-blocks has-text-align-center stk-row stk-block-image-box__content\">\n<div class=\"wp-block-stackable-image stk-block-image stk-block stk-7adac33\" data-block-id=\"7adac33\"><style>.stk-7adac33 {border-top-left-radius:50px !important;border-top-right-radius:50px !important;border-bottom-left-radius:50px !important;overflow:hidden !important;}.stk-7adac33 .stk-img-wrapper{width:100% !important;height:300px !important;--stk-gradient-overlay:0.4 !important;}:where(.stk-hover-parent:hover,  .stk-hover-parent.stk--is-hovered) .stk-7adac33 .stk-img-wrapper img{transform:scale(1.5) !important;}.stk-7adac33 .stk-img-wrapper img{object-position:49% 60% !important;}.stk-7adac33 .stk-img-wrapper::after{background-color:#112c3d45 !important;}:where(.stk-hover-parent:hover,  .stk-hover-parent.stk--is-hovered) .stk-7adac33 .stk-img-wrapper::after{background-color:#000000 !important;}:where(.stk-hover-parent:hover,  .stk-hover-parent.stk--is-hovered) .stk-7adac33 .stk-img-wrapper{--stk-gradient-overlay:0.5 !important;}<\/style><figure><span class=\"stk-img-wrapper stk-image--shape-stretch\"><img loading=\"lazy\" decoding=\"async\" class=\"stk-img wp-image-46622\" src=\"https:\/\/www.campinglagrisse.com\/wp-content\/uploads\/2025\/07\/ile-d-yeu-IMG_8319-Personnalise.jpg\" width=\"1000\" height=\"667\" alt=\"le bosquet campsite in jard sur mer\" srcset=\"https:\/\/www.campinglagrisse.com\/wp-content\/uploads\/2025\/07\/ile-d-yeu-IMG_8319-Personnalise.jpg 1000w, https:\/\/www.campinglagrisse.com\/wp-content\/uploads\/2025\/07\/ile-d-yeu-IMG_8319-Personnalise-300x200.jpg 300w, https:\/\/www.campinglagrisse.com\/wp-content\/uploads\/2025\/07\/ile-d-yeu-IMG_8319-Personnalise-768x512.jpg 768w, https:\/\/www.campinglagrisse.com\/wp-content\/uploads\/2025\/07\/ile-d-yeu-IMG_8319-Personnalise-500x334.jpg 500w, https:\/\/www.campinglagrisse.com\/wp-content\/uploads\/2025\/07\/ile-d-yeu-IMG_8319-Personnalise-800x534.jpg 800w\" sizes=\"auto, (max-width: 1000px) 100vw, 1000px\" \/><\/span><\/figure><\/div>\n\n\n\n<div class=\"wp-block-stackable-column stk-block-column stk-column stk-block stk-d36c63a\" data-v=\"4\" data-block-id=\"d36c63a\"><style>.stk-d36c63a {align-items:flex-end !important;margin-bottom:40px !important;display:flex !important;}<\/style><div class=\"stk-column-wrapper stk-block-column__content stk-container stk-d36c63a-container stk--no-background stk--no-padding\"><div class=\"stk-block-content stk-inner-blocks stk-d36c63a-inner-blocks\">\n<div class=\"wp-block-stackable-text stk-block-text stk-block stk-09b88c0\" id=\"mobil-homes-2-ch\" data-block-id=\"09b88c0\"><style>.stk-09b88c0 {margin-bottom:0px !important;}.stk-09b88c0 .stk-block-text__text{font-size:3em !important;color:#FFFFFF !important;font-weight:300 !important;font-family:\"Mervale Script\", Sans-serif !important;}@media screen and (max-width: 1023px){.stk-09b88c0 .stk-block-text__text{font-size:3em !important;}}<\/style><p class=\"stk-block-text__text has-text-color has-white-color has-text-align-center\">The islands<\/p><\/div>\n\n\n\n<div class=\"wp-block-stackable-button-group stk-block-button-group stk-block stk-6177d4a\" data-block-id=\"6177d4a\"><style>.stk-6177d4a {opacity:0 !important;z-index:2 !important;}:where(.stk-hover-parent:hover,  .stk-hover-parent.stk--is-hovered) .stk-6177d4a{opacity:1 !important;}<\/style><div class=\"stk-row stk-inner-blocks stk-block-content stk-button-group\">\n<div class=\"wp-block-stackable-button stk-block-button is-style-ghost stk-block stk-24f3aa6\" data-block-id=\"24f3aa6\"><style>.stk-24f3aa6 .stk-button{padding-top:6px !important;padding-right:24px !important;padding-bottom:6px !important;padding-left:24px !important;background:transparent !important;}.stk-24f3aa6 .stk-button:hover:after{background:#ffffff !important;opacity:1 !important;}.stk-24f3aa6 .stk-button:before{border-style:solid !important;border-color:#ffffff !important;}.stk-24f3aa6 .stk-button:hover:before{border-color:#ffffff !important;}.stk-24f3aa6 .stk-button .stk--inner-svg svg:last-child{height:21px !important;width:21px !important;}.stk-24f3aa6 .stk-button .stk--inner-svg svg:last-child, .stk-24f3aa6 .stk-button .stk--inner-svg svg:last-child :is(g, path, rect, polygon, ellipse){fill:#ffffff !important;}.stk-24f3aa6 .stk-button:hover .stk--inner-svg svg:last-child, .stk-24f3aa6 .stk-button:hover .stk--inner-svg svg:last-child :is(g, path, rect, polygon, ellipse){fill:#f5a62f !important;}:where(.stk-hover-parent:hover,  .stk-hover-parent.stk--is-hovered) .stk-24f3aa6 .stk-button .stk--inner-svg svg:last-child,  :where(.stk-hover-parent:hover,  .stk-hover-parent.stk--is-hovered) .stk-24f3aa6 .stk-button .stk--inner-svg svg:last-child :is(g, path, rect, polygon, ellipse){fill:#f5a62f !important;}.stk-24f3aa6 .stk-button__inner-text{color:#ffffff !important;font-weight:400 !important;text-transform:uppercase !important;font-family:-apple-system, BlinkMacSystemFont, \"Segoe UI\", Roboto, Helvetica, Arial, sans-serif, \"Apple Color Emoji\", \"Segoe UI Emoji\", \"Segoe UI Symbol\" !important;}.stk-24f3aa6 .stk-button:hover .stk-button__inner-text{color:#f5a62f !important;}:where(.stk-hover-parent:hover,  .stk-hover-parent.stk--is-hovered) .stk-24f3aa6 .stk-button__inner-text{color:#f5a62f !important;}<\/style><a class=\"stk-link stk-button stk--hover-effect-darken\" href=\"\"><span class=\"has-text-color stk-button__inner-text\">Discover<\/span><span class=\"stk--svg-wrapper\"><div class=\"stk--inner-svg\"><svg class=\"ugb-custom-icon\" viewbox=\"0 0 116 86\" version=\"1.1\" xmlns=\"http:\/\/www.w3.org\/2000\/svg\" xmlns:xlink=\"http:\/\/www.w3.org\/1999\/xlink\" xml:space=\"preserve\" xmlns:serif=\"http:\/\/www.serif.com\/\" style=\"fill-rule:evenodd;clip-rule:evenodd;stroke-linejoin:round;stroke-miterlimit:2;\" aria-hidden=\"true\" width=\"32\" height=\"32\">\n    <path d=\"M6.84,6.144L31.973,5.829L67.727,42.004L31.237,78.389L6.209,78.178L40.701,42.214L6.84,6.144Z\"><\/path>\n    <path d=\"M52.163,6.144L77.717,6.25L112.735,41.583L77.191,78.283L52.058,77.863L85.814,41.898L52.163,6.144Z\"><\/path>\n<\/svg><\/div><\/span><\/a><\/div>\n<\/div><\/div>\n<\/div><\/div><\/div>\n<\/div><a class=\"stk-link stk-block-link stk--transparent-overlay\" href=\"https:\/\/www.campinglagrisse.com\/en\/the-islands\/\"><\/a><\/div>\n<\/div><\/div><\/div>\n\n\n\n<div class=\"wp-block-stackable-column stk-block-column stk-column stk-block stk-e57bcc4\" data-v=\"4\" data-block-id=\"e57bcc4\"><div class=\"stk-column-wrapper stk-block-column__content stk-container stk-e57bcc4-container stk--no-background stk--no-padding\"><div class=\"stk-block-content stk-inner-blocks stk-e57bcc4-inner-blocks\">\n<div class=\"wp-block-stackable-image-box stk-block-image-box stk-hover-parent stk-block stk-67b3c42 is-style-default\" data-block-id=\"67b3c42\"><div class=\"stk-block-content stk-inner-blocks has-text-align-center stk-row stk-block-image-box__content\">\n<div class=\"wp-block-stackable-image stk-block-image stk-block stk-1227dcb\" data-block-id=\"1227dcb\"><style>.stk-1227dcb {border-top-left-radius:50px !important;border-top-right-radius:50px !important;border-bottom-left-radius:50px !important;overflow:hidden !important;}.stk-1227dcb .stk-img-wrapper{width:100% !important;height:300px !important;--stk-gradient-overlay:0.4 !important;}:where(.stk-hover-parent:hover,  .stk-hover-parent.stk--is-hovered) .stk-1227dcb .stk-img-wrapper img{transform:scale(1.5) !important;}.stk-1227dcb .stk-img-wrapper img{object-position:49% 60% !important;}.stk-1227dcb .stk-img-wrapper::after{background-color:#112c3d45 !important;}:where(.stk-hover-parent:hover,  .stk-hover-parent.stk--is-hovered) .stk-1227dcb .stk-img-wrapper::after{background-color:#000000 !important;}:where(.stk-hover-parent:hover,  .stk-hover-parent.stk--is-hovered) .stk-1227dcb .stk-img-wrapper{--stk-gradient-overlay:0.5 !important;}<\/style><figure><span class=\"stk-img-wrapper stk-image--shape-stretch\"><img loading=\"lazy\" decoding=\"async\" class=\"stk-img wp-image-47059\" src=\"https:\/\/www.campinglagrisse.com\/wp-content\/uploads\/2025\/10\/9_talmont_saint_hilaire_hd_06_webformat.webp\" width=\"1067\" height=\"800\" alt=\"le bosquet campsite in jard sur mer\" srcset=\"https:\/\/www.campinglagrisse.com\/wp-content\/uploads\/2025\/10\/9_talmont_saint_hilaire_hd_06_webformat.webp 1067w, https:\/\/www.campinglagrisse.com\/wp-content\/uploads\/2025\/10\/9_talmont_saint_hilaire_hd_06_webformat-300x225.webp 300w, https:\/\/www.campinglagrisse.com\/wp-content\/uploads\/2025\/10\/9_talmont_saint_hilaire_hd_06_webformat-1024x768.webp 1024w, https:\/\/www.campinglagrisse.com\/wp-content\/uploads\/2025\/10\/9_talmont_saint_hilaire_hd_06_webformat-768x576.webp 768w, https:\/\/www.campinglagrisse.com\/wp-content\/uploads\/2025\/10\/9_talmont_saint_hilaire_hd_06_webformat-500x375.webp 500w, https:\/\/www.campinglagrisse.com\/wp-content\/uploads\/2025\/10\/9_talmont_saint_hilaire_hd_06_webformat-800x600.webp 800w\" sizes=\"auto, (max-width: 1067px) 100vw, 1067px\" \/><\/span><\/figure><\/div>\n\n\n\n<div class=\"wp-block-stackable-column stk-block-column stk-column stk-block stk-8abd63a\" data-v=\"4\" data-block-id=\"8abd63a\"><style>.stk-8abd63a {align-items:flex-end !important;margin-bottom:40px !important;display:flex !important;}<\/style><div class=\"stk-column-wrapper stk-block-column__content stk-container stk-8abd63a-container stk--no-background stk--no-padding\"><div class=\"stk-block-content stk-inner-blocks stk-8abd63a-inner-blocks\">\n<div class=\"wp-block-stackable-text stk-block-text stk-block stk-a1c3e62\" id=\"mobil-homes-2-ch\" data-block-id=\"a1c3e62\"><style>.stk-a1c3e62 {margin-bottom:0px !important;}.stk-a1c3e62 .stk-block-text__text{font-size:3em !important;color:#FFFFFF !important;font-weight:300 !important;font-family:\"Mervale Script\", Sans-serif !important;}@media screen and (max-width: 1023px){.stk-a1c3e62 .stk-block-text__text{font-size:3em !important;}}<\/style><p class=\"stk-block-text__text has-text-color has-white-color has-text-align-center\">The Payr\u00e9 reserve<\/p><\/div>\n\n\n\n<div class=\"wp-block-stackable-button-group stk-block-button-group stk-block stk-c40c7b1\" data-block-id=\"c40c7b1\"><style>.stk-c40c7b1 {opacity:0 !important;z-index:2 !important;}:where(.stk-hover-parent:hover,  .stk-hover-parent.stk--is-hovered) .stk-c40c7b1{opacity:1 !important;}<\/style><div class=\"stk-row stk-inner-blocks stk-block-content stk-button-group\">\n<div class=\"wp-block-stackable-button stk-block-button is-style-ghost stk-block stk-215f679\" data-block-id=\"215f679\"><style>.stk-215f679 .stk-button{padding-top:6px !important;padding-right:24px !important;padding-bottom:6px !important;padding-left:24px !important;background:transparent !important;}.stk-215f679 .stk-button:hover:after{background:#ffffff !important;opacity:1 !important;}.stk-215f679 .stk-button:before{border-style:solid !important;border-color:#ffffff !important;}.stk-215f679 .stk-button:hover:before{border-color:#ffffff !important;}.stk-215f679 .stk-button .stk--inner-svg svg:last-child{height:21px !important;width:21px !important;}.stk-215f679 .stk-button .stk--inner-svg svg:last-child, .stk-215f679 .stk-button .stk--inner-svg svg:last-child :is(g, path, rect, polygon, ellipse){fill:#ffffff !important;}.stk-215f679 .stk-button:hover .stk--inner-svg svg:last-child, .stk-215f679 .stk-button:hover .stk--inner-svg svg:last-child :is(g, path, rect, polygon, ellipse){fill:#f5a62f !important;}:where(.stk-hover-parent:hover,  .stk-hover-parent.stk--is-hovered) .stk-215f679 .stk-button .stk--inner-svg svg:last-child,  :where(.stk-hover-parent:hover,  .stk-hover-parent.stk--is-hovered) .stk-215f679 .stk-button .stk--inner-svg svg:last-child :is(g, path, rect, polygon, ellipse){fill:#f5a62f !important;}.stk-215f679 .stk-button__inner-text{color:#ffffff !important;font-weight:400 !important;text-transform:uppercase !important;font-family:-apple-system, BlinkMacSystemFont, \"Segoe UI\", Roboto, Helvetica, Arial, sans-serif, \"Apple Color Emoji\", \"Segoe UI Emoji\", \"Segoe UI Symbol\" !important;}.stk-215f679 .stk-button:hover .stk-button__inner-text{color:#f5a62f !important;}:where(.stk-hover-parent:hover,  .stk-hover-parent.stk--is-hovered) .stk-215f679 .stk-button__inner-text{color:#f5a62f !important;}<\/style><a class=\"stk-link stk-button stk--hover-effect-darken\" href=\"\"><span class=\"has-text-color stk-button__inner-text\">Discover<\/span><span class=\"stk--svg-wrapper\"><div class=\"stk--inner-svg\"><svg class=\"ugb-custom-icon\" viewbox=\"0 0 116 86\" version=\"1.1\" xmlns=\"http:\/\/www.w3.org\/2000\/svg\" xmlns:xlink=\"http:\/\/www.w3.org\/1999\/xlink\" xml:space=\"preserve\" xmlns:serif=\"http:\/\/www.serif.com\/\" style=\"fill-rule:evenodd;clip-rule:evenodd;stroke-linejoin:round;stroke-miterlimit:2;\" aria-hidden=\"true\" width=\"32\" height=\"32\">\n    <path d=\"M6.84,6.144L31.973,5.829L67.727,42.004L31.237,78.389L6.209,78.178L40.701,42.214L6.84,6.144Z\"><\/path>\n    <path d=\"M52.163,6.144L77.717,6.25L112.735,41.583L77.191,78.283L52.058,77.863L85.814,41.898L52.163,6.144Z\"><\/path>\n<\/svg><\/div><\/span><\/a><\/div>\n<\/div><\/div>\n<\/div><\/div><\/div>\n<\/div><a class=\"stk-link stk-block-link stk--transparent-overlay\" href=\"https:\/\/www.campinglagrisse.com\/en\/reserve-du-payre\/\"><\/a><\/div>\n<\/div><\/div><\/div>\n<\/div><\/div>","protected":false},"excerpt":{"rendered":"<p>Les \u00eeles D\u00e9couvrir La r\u00e9serve du Payr\u00e9 D\u00e9couvrir<\/p>","protected":false},"author":1,"featured_media":47040,"parent":0,"menu_order":0,"comment_status":"closed","ping_status":"closed","template":"","meta":{"_acf_changed":false,"_seopress_robots_primary_cat":"","_seopress_titles_title":"C\u00f4t\u00e9 mer - Profitez des plages et du bord de mer en Vend\u00e9e","_seopress_titles_desc":"Lors de votre s\u00e9jour en Vend\u00e9e, profitez en pour flaner sur la plage et vous balader en bord de mer.","_seopress_robots_index":"","_vp_format_video_url":"","_vp_image_focal_point":[],"footnotes":""},"class_list":["post-47025","page","type-page","status-publish","has-post-thumbnail","hentry"],"acf":[],"_links":{"self":[{"href":"https:\/\/www.campinglagrisse.com\/en\/wp-json\/wp\/v2\/pages\/47025","targetHints":{"allow":["GET"]}}],"collection":[{"href":"https:\/\/www.campinglagrisse.com\/en\/wp-json\/wp\/v2\/pages"}],"about":[{"href":"https:\/\/www.campinglagrisse.com\/en\/wp-json\/wp\/v2\/types\/page"}],"author":[{"embeddable":true,"href":"https:\/\/www.campinglagrisse.com\/en\/wp-json\/wp\/v2\/users\/1"}],"replies":[{"embeddable":true,"href":"https:\/\/www.campinglagrisse.com\/en\/wp-json\/wp\/v2\/comments?post=47025"}],"version-history":[{"count":2,"href":"https:\/\/www.campinglagrisse.com\/en\/wp-json\/wp\/v2\/pages\/47025\/revisions"}],"predecessor-version":[{"id":47067,"href":"https:\/\/www.campinglagrisse.com\/en\/wp-json\/wp\/v2\/pages\/47025\/revisions\/47067"}],"wp:featuredmedia":[{"embeddable":true,"href":"https:\/\/www.campinglagrisse.com\/en\/wp-json\/wp\/v2\/media\/47040"}],"wp:attachment":[{"href":"https:\/\/www.campinglagrisse.com\/en\/wp-json\/wp\/v2\/media?parent=47025"}],"curies":[{"name":"wp","href":"https:\/\/api.w.org\/{rel}","templated":true}]}}